{"id":4833,"date":"2023-03-30T12:03:18","date_gmt":"2023-03-30T12:03:18","guid":{"rendered":"https:\/\/www.isatis.website\/?page_id=4833"},"modified":"2023-04-14T13:48:53","modified_gmt":"2023-04-14T13:48:53","slug":"olive-villa","status":"publish","type":"page","link":"https:\/\/www.isatis.com.tr\/tr\/olive-villa\/","title":{"rendered":"Ol\u0131ve Villas\u0131"},"content":{"rendered":"<div data-elementor-type=\"wp-page\" data-elementor-id=\"4833\" class=\"elementor elementor-4833\">\n\t\t\t\t\t\t<section class=\"elementor-section elementor-top-section elementor-element elementor-element-5cd78804 elementor-section-stretched elementor-section-boxed elementor-section-height-default elementor-section-height-default\" data-id=\"5cd78804\" data-element_type=\"section\" data-settings=\"{&quot;stretch_section&quot;:&quot;section-stretched&quot;}\">\n\t\t\t\t\t\t<div class=\"elementor-container elementor-column-gap-no\">\n\t\t\t\t\t<div class=\"elementor-column elementor-col-100 elementor-top-column elementor-element elementor-element-1d8c33fa\" data-id=\"1d8c33fa\" data-element_type=\"column\">\n\t\t\t<div class=\"elementor-widget-wrap elementor-element-populated\">\n\t\t\t\t\t\t<section class=\"elementor-section elementor-inner-section elementor-element elementor-element-48c38b5b elementor-section-boxed elementor-section-height-default elementor-section-height-default\" data-id=\"48c38b5b\" data-element_type=\"section\">\n\t\t\t\t\t\t<div class=\"elementor-container elementor-column-gap-no\">\n\t\t\t\t\t<div class=\"elementor-column elementor-col-100 elementor-inner-column elementor-element elementor-element-67d2b698\" data-id=\"67d2b698\" data-element_type=\"column\">\n\t\t\t<div class=\"elementor-widget-wrap elementor-element-populated\">\n\t\t\t\t\t\t<div class=\"elementor-element elementor-element-5f63979d animated-fast elementor-invisible elementor-widget elementor-widget-text-editor\" data-id=\"5f63979d\" data-element_type=\"widget\" data-settings=\"{&quot;_animation&quot;:&quot;opal-move-up&quot;}\" data-widget_type=\"text-editor.default\">\n\t\t\t\t<div class=\"elementor-widget-container\">\n\t\t\t\t\t\t\t\t\t<h2><strong>Ol\u0131ve Villalar\u0131<\/strong><\/h2>\t\t\t\t\t\t\t\t<\/div>\n\t\t\t\t<\/div>\n\t\t\t\t<div class=\"elementor-element elementor-element-6c544bc0 animated-fast elementor-invisible elementor-widget elementor-widget-text-editor\" data-id=\"6c544bc0\" data-element_type=\"widget\" data-settings=\"{&quot;_animation&quot;:&quot;opal-move-up&quot;}\" data-widget_type=\"text-editor.default\">\n\t\t\t\t<div class=\"elementor-widget-container\">\n\t\t\t\t\t\t\t\t\tBu ayr\u0131cal\u0131kl\u0131 3 yatak odal\u0131 tek ki\u015filik villalar br\u00fct 183 m2, arsa alan\u0131 275 m2 olup 3 banyodan olu\u015fmaktad\u0131r. Modern mimarisi ve e\u015fsiz planlar\u0131, ola\u011fan\u00fcst\u00fc ye\u015fil alan\u0131yla ayr\u0131cal\u0131kl\u0131 bir ya\u015fam sunuyor.\t\t\t\t\t\t\t\t<\/div>\n\t\t\t\t<\/div>\n\t\t\t\t\t<\/div>\n\t\t<\/div>\n\t\t\t\t\t<\/div>\n\t\t<\/section>\n\t\t\t\t<div class=\"elementor-element elementor-element-4416f2c2 gallery-style-2 elementor-filter-top elementor-widget elementor-widget-opal-image-gallery\" data-id=\"4416f2c2\" data-element_type=\"widget\" data-widget_type=\"opal-image-gallery.default\">\n\t\t\t\t<div class=\"elementor-widget-container\">\n\t\t\t\t\t            <ul class=\"elementor-galerry__filters\"\n                data-related=\"isotope-4416f2c2\">\n                <li class=\"elementor-galerry__filter elementor-active\"\n                    data-filter=\".__all\">T\u00fcm<\/li>\n                                    <li class=\"elementor-galerry__filter\"\n                        data-filter=\".gallery_group_0\">D\u0131\u015f<\/li>\n                                    <li class=\"elementor-galerry__filter\"\n                        data-filter=\".gallery_group_1\">\u0130\u00e7<\/li>\n                            <\/ul>\n            \n        <div class=\"elementor-opal-image-gallery\">\n            <div class=\"row grid isotope-grid gallery-visibility\" data-elementor-columns=\"4\" data-elementor-columns-tablet=\"2\">\n                                        <div class=\"column-item grid__item masonry-item __all gallery_group_0\">\n                            <a data-elementor-open-lightbox=\"no\"                                href=\"https:\/\/www.isatis.com.tr\/wp-content\/uploads\/2023\/02\/Olive-Villa-17-1.jpg\">\n                                <img decoding=\"async\" src=\"https:\/\/www.isatis.com.tr\/wp-content\/uploads\/2023\/02\/Olive-Villa-17-1.jpg\"\n                                     alt=\"Olive-Villa-17\"\/>\n                                                            <\/a>\n                        <\/div>\n                                                <div class=\"column-item grid__item masonry-item __all gallery_group_0\">\n                            <a data-elementor-open-lightbox=\"no\"                                href=\"https:\/\/www.isatis.com.tr\/wp-content\/uploads\/2023\/02\/Olive-Villa-16-1.jpg\">\n                                <img decoding=\"async\" src=\"https:\/\/www.isatis.com.tr\/wp-content\/uploads\/2023\/02\/Olive-Villa-16-1.jpg\"\n                                     alt=\"Olive-Villa-16\"\/>\n                                                            <\/a>\n                        <\/div>\n                                                <div class=\"column-item grid__item masonry-item __all gallery_group_0\">\n                            <a data-elementor-open-lightbox=\"no\"                                href=\"https:\/\/www.isatis.com.tr\/wp-content\/uploads\/2023\/02\/Olive-Villa-15-1.jpg\">\n                                <img decoding=\"async\" src=\"https:\/\/www.isatis.com.tr\/wp-content\/uploads\/2023\/02\/Olive-Villa-15-1.jpg\"\n                                     alt=\"Olive-Villa-15\"\/>\n                                                            <\/a>\n                        <\/div>\n                                                <div class=\"column-item grid__item masonry-item __all gallery_group_0\">\n                            <a data-elementor-open-lightbox=\"no\"                                href=\"https:\/\/www.isatis.com.tr\/wp-content\/uploads\/2023\/02\/Olive-Villa-14-1.jpg\">\n                                <img decoding=\"async\" src=\"https:\/\/www.isatis.com.tr\/wp-content\/uploads\/2023\/02\/Olive-Villa-14-1.jpg\"\n                                     alt=\"Olive-Villa-14\"\/>\n                                                            <\/a>\n                        <\/div>\n                                                <div class=\"column-item grid__item masonry-item __all gallery_group_0\">\n                            <a data-elementor-open-lightbox=\"no\"                                href=\"https:\/\/www.isatis.com.tr\/wp-content\/uploads\/2023\/02\/Olive-Villa-13-1.jpg\">\n                                <img decoding=\"async\" src=\"https:\/\/www.isatis.com.tr\/wp-content\/uploads\/2023\/02\/Olive-Villa-13-1.jpg\"\n                                     alt=\"Olive-Villa-13\"\/>\n                                                            <\/a>\n                        <\/div>\n                                                <div class=\"column-item grid__item masonry-item __all gallery_group_0\">\n                            <a data-elementor-open-lightbox=\"no\"                                href=\"https:\/\/www.isatis.com.tr\/wp-content\/uploads\/2023\/02\/Olive-Villa-12-1.jpg\">\n                                <img decoding=\"async\" src=\"https:\/\/www.isatis.com.tr\/wp-content\/uploads\/2023\/02\/Olive-Villa-12-1.jpg\"\n                                     alt=\"Olive-Villa-12\"\/>\n                                                            <\/a>\n                        <\/div>\n                                                <div class=\"column-item grid__item masonry-item __all gallery_group_0\">\n                            <a data-elementor-open-lightbox=\"no\"                                href=\"https:\/\/www.isatis.com.tr\/wp-content\/uploads\/2023\/02\/Olive-Villa-2-1.jpg\">\n                                <img decoding=\"async\" src=\"https:\/\/www.isatis.com.tr\/wp-content\/uploads\/2023\/02\/Olive-Villa-2-1.jpg\"\n                                     alt=\"Olive-Villa-2\"\/>\n                                                            <\/a>\n                        <\/div>\n                                                <div class=\"column-item grid__item masonry-item __all gallery_group_0\">\n                            <a data-elementor-open-lightbox=\"no\"                                href=\"https:\/\/www.isatis.com.tr\/wp-content\/uploads\/2023\/02\/Olive-Villa-3-Kopyala-1.jpg\">\n                                <img decoding=\"async\" src=\"https:\/\/www.isatis.com.tr\/wp-content\/uploads\/2023\/02\/Olive-Villa-3-Kopyala-1.jpg\"\n                                     alt=\"Olive-Villa-3-Kopyala\"\/>\n                                                            <\/a>\n                        <\/div>\n                                                <div class=\"column-item grid__item masonry-item __all gallery_group_0\">\n                            <a data-elementor-open-lightbox=\"no\"                                href=\"https:\/\/www.isatis.com.tr\/wp-content\/uploads\/2023\/02\/Olive-Villa-4-Kopyala-1.jpg\">\n                                <img decoding=\"async\" src=\"https:\/\/www.isatis.com.tr\/wp-content\/uploads\/2023\/02\/Olive-Villa-4-Kopyala-1.jpg\"\n                                     alt=\"Olive-Villa-4-Kopyala\"\/>\n                                                            <\/a>\n                        <\/div>\n                                                <div class=\"column-item grid__item masonry-item __all gallery_group_0\">\n                            <a data-elementor-open-lightbox=\"no\"                                href=\"https:\/\/www.isatis.com.tr\/wp-content\/uploads\/2023\/02\/Olive-Villa-5-1.jpg\">\n                                <img decoding=\"async\" src=\"https:\/\/www.isatis.com.tr\/wp-content\/uploads\/2023\/02\/Olive-Villa-5-1.jpg\"\n                                     alt=\"Olive-Villa-5\"\/>\n                                                            <\/a>\n                        <\/div>\n                                                <div class=\"column-item grid__item masonry-item __all gallery_group_0\">\n                            <a data-elementor-open-lightbox=\"no\"                                href=\"https:\/\/www.isatis.com.tr\/wp-content\/uploads\/2023\/02\/Olive-Villa-6-1.jpg\">\n                                <img decoding=\"async\" src=\"https:\/\/www.isatis.com.tr\/wp-content\/uploads\/2023\/02\/Olive-Villa-6-1.jpg\"\n                                     alt=\"Olive-Villa-6\"\/>\n                                                            <\/a>\n                        <\/div>\n                                                <div class=\"column-item grid__item masonry-item __all gallery_group_0\">\n                            <a data-elementor-open-lightbox=\"no\"                                href=\"https:\/\/www.isatis.com.tr\/wp-content\/uploads\/2023\/02\/Olive-Villa-7-1.jpg\">\n                                <img decoding=\"async\" src=\"https:\/\/www.isatis.com.tr\/wp-content\/uploads\/2023\/02\/Olive-Villa-7-1.jpg\"\n                                     alt=\"Olive-Villa-7\"\/>\n                                                            <\/a>\n                        <\/div>\n                                                <div class=\"column-item grid__item masonry-item __all gallery_group_0\">\n                            <a data-elementor-open-lightbox=\"no\"                                href=\"https:\/\/www.isatis.com.tr\/wp-content\/uploads\/2023\/02\/Olive-Villa-9-1.jpg\">\n                                <img decoding=\"async\" src=\"https:\/\/www.isatis.com.tr\/wp-content\/uploads\/2023\/02\/Olive-Villa-9-1.jpg\"\n                                     alt=\"Olive-Villa-9\"\/>\n                                                            <\/a>\n                        <\/div>\n                                                <div class=\"column-item grid__item masonry-item __all gallery_group_0\">\n                            <a data-elementor-open-lightbox=\"no\"                                href=\"https:\/\/www.isatis.com.tr\/wp-content\/uploads\/2023\/02\/Olive-Villa-10-1.jpg\">\n                                <img decoding=\"async\" src=\"https:\/\/www.isatis.com.tr\/wp-content\/uploads\/2023\/02\/Olive-Villa-10-1.jpg\"\n                                     alt=\"Olive-Villa-10\"\/>\n                                                            <\/a>\n                        <\/div>\n                                                <div class=\"column-item grid__item masonry-item __all gallery_group_0\">\n                            <a data-elementor-open-lightbox=\"no\"                                href=\"https:\/\/www.isatis.com.tr\/wp-content\/uploads\/2023\/02\/Olive-Villa-11-1.jpg\">\n                                <img decoding=\"async\" src=\"https:\/\/www.isatis.com.tr\/wp-content\/uploads\/2023\/02\/Olive-Villa-11-1.jpg\"\n                                     alt=\"Olive-Villa-11\"\/>\n                                                            <\/a>\n                        <\/div>\n                                                <div class=\"column-item grid__item masonry-item __all gallery_group_0\">\n                            <a data-elementor-open-lightbox=\"no\"                                href=\"https:\/\/www.isatis.com.tr\/wp-content\/uploads\/2023\/02\/Olive-Villa-1-1.jpg\">\n                                <img decoding=\"async\" src=\"https:\/\/www.isatis.com.tr\/wp-content\/uploads\/2023\/02\/Olive-Villa-1-1.jpg\"\n                                     alt=\"Olive-Villa-1\"\/>\n                                                            <\/a>\n                        <\/div>\n                                                <div class=\"column-item grid__item masonry-item __all gallery_group_1\">\n                            <a data-elementor-open-lightbox=\"no\"                                href=\"https:\/\/www.isatis.com.tr\/wp-content\/uploads\/2023\/02\/Olive-Villa-Ic-9-Kopyala-2.jpg\">\n                                <img decoding=\"async\" src=\"https:\/\/www.isatis.com.tr\/wp-content\/uploads\/2023\/02\/Olive-Villa-Ic-9-Kopyala-2.jpg\"\n                                     alt=\"Olive-Villa-\u0130\u00e7-9-Kopyala\"\/>\n                                                            <\/a>\n                        <\/div>\n                                                <div class=\"column-item grid__item masonry-item __all gallery_group_1\">\n                            <a data-elementor-open-lightbox=\"no\"                                href=\"https:\/\/www.isatis.com.tr\/wp-content\/uploads\/2023\/02\/Olive-Villa-Ic-8-Kopyala-2.jpg\">\n                                <img decoding=\"async\" src=\"https:\/\/www.isatis.com.tr\/wp-content\/uploads\/2023\/02\/Olive-Villa-Ic-8-Kopyala-2.jpg\"\n                                     alt=\"Olive-Villa-\u0130\u00e7-8-Kopyala\"\/>\n                                                            <\/a>\n                        <\/div>\n                                                <div class=\"column-item grid__item masonry-item __all gallery_group_1\">\n                            <a data-elementor-open-lightbox=\"no\"                                href=\"https:\/\/www.isatis.com.tr\/wp-content\/uploads\/2023\/02\/Olive-Villa-Ic-7-Kopyala-2.jpg\">\n                                <img decoding=\"async\" src=\"https:\/\/www.isatis.com.tr\/wp-content\/uploads\/2023\/02\/Olive-Villa-Ic-7-Kopyala-2.jpg\"\n                                     alt=\"Olive-Villa-\u0130\u00e7-7-Kopyala\"\/>\n                                                            <\/a>\n                        <\/div>\n                                                <div class=\"column-item grid__item masonry-item __all gallery_group_1\">\n                            <a data-elementor-open-lightbox=\"no\"                                href=\"https:\/\/www.isatis.com.tr\/wp-content\/uploads\/2023\/02\/Olive-Villa-Ic-6-Kopyala-2.jpg\">\n                                <img decoding=\"async\" src=\"https:\/\/www.isatis.com.tr\/wp-content\/uploads\/2023\/02\/Olive-Villa-Ic-6-Kopyala-2.jpg\"\n                                     alt=\"Olive-Villa-\u0130\u00e7-6-Kopyala\"\/>\n                                                            <\/a>\n                        <\/div>\n                                                <div class=\"column-item grid__item masonry-item __all gallery_group_1\">\n                            <a data-elementor-open-lightbox=\"no\"                                href=\"https:\/\/www.isatis.com.tr\/wp-content\/uploads\/2023\/02\/Olive-Villa-Ic-5-Kopyala-2.jpg\">\n                                <img decoding=\"async\" src=\"https:\/\/www.isatis.com.tr\/wp-content\/uploads\/2023\/02\/Olive-Villa-Ic-5-Kopyala-2.jpg\"\n                                     alt=\"Olive-Villa-\u0130\u00e7-5-Kopyala\"\/>\n                                                            <\/a>\n                        <\/div>\n                                                <div class=\"column-item grid__item masonry-item __all gallery_group_1\">\n                            <a data-elementor-open-lightbox=\"no\"                                href=\"https:\/\/www.isatis.com.tr\/wp-content\/uploads\/2023\/02\/Olive-Villa-Ic-4-Kopyala-2.jpg\">\n                                <img decoding=\"async\" src=\"https:\/\/www.isatis.com.tr\/wp-content\/uploads\/2023\/02\/Olive-Villa-Ic-4-Kopyala-2.jpg\"\n                                     alt=\"Olive-Villa-\u0130\u00e7-4-Kopyala\"\/>\n                                                            <\/a>\n                        <\/div>\n                                                <div class=\"column-item grid__item masonry-item __all gallery_group_1\">\n                            <a data-elementor-open-lightbox=\"no\"                                href=\"https:\/\/www.isatis.com.tr\/wp-content\/uploads\/2023\/02\/Olive-Villa-Ic-1-Kopyala-1.jpg\">\n                                <img decoding=\"async\" src=\"https:\/\/www.isatis.com.tr\/wp-content\/uploads\/2023\/02\/Olive-Villa-Ic-1-Kopyala-1.jpg\"\n                                     alt=\"Olive-Villa-\u0130\u00e7-1-Kopyala\"\/>\n                                                            <\/a>\n                        <\/div>\n                                                <div class=\"column-item grid__item masonry-item __all gallery_group_1\">\n                            <a data-elementor-open-lightbox=\"no\"                                href=\"https:\/\/www.isatis.com.tr\/wp-content\/uploads\/2023\/02\/Olive-Villa-Ic-2-Kopyala-1.jpg\">\n                                <img decoding=\"async\" src=\"https:\/\/www.isatis.com.tr\/wp-content\/uploads\/2023\/02\/Olive-Villa-Ic-2-Kopyala-1.jpg\"\n                                     alt=\"Olive-Villa-\u0130\u00e7-2-Kopyala\"\/>\n                                                            <\/a>\n                        <\/div>\n                                                <div class=\"column-item grid__item masonry-item __all gallery_group_1\">\n                            <a data-elementor-open-lightbox=\"no\"                                href=\"https:\/\/www.isatis.com.tr\/wp-content\/uploads\/2023\/02\/Olive-Villa-Ic-3-Kopyala-2.jpg\">\n                                <img decoding=\"async\" src=\"https:\/\/www.isatis.com.tr\/wp-content\/uploads\/2023\/02\/Olive-Villa-Ic-3-Kopyala-2.jpg\"\n                                     alt=\"Olive-Villa-\u0130\u00e7-3-Kopyala\"\/>\n                                                            <\/a>\n                        <\/div>\n                                    <\/div>\n        <\/div>\n        \t\t\t\t<\/div>\n\t\t\t\t<\/div>\n\t\t\t\t<div class=\"elementor-element elementor-element-418c16d5 elementor-tabs-view-horizontal elementor-widget elementor-widget-opal-tabs\" data-id=\"418c16d5\" data-element_type=\"widget\" data-widget_type=\"opal-tabs.default\">\n\t\t\t\t<div class=\"elementor-widget-container\">\n\t\t\t\t\t        <div class=\"elementor-tabs\" role=\"tablist\">\n            <div class=\"elementor-tabs-wrapper\">\n                                    <div id=\"elementor-tab-title-1091\" class=\"elementor-tab-title elementor-tab-desktop-title elementor-active elementor-repeater-item-7b53859\" data-tab=\"1\" tabindex=\"1091\" role=\"tab\" aria-controls=\"elementor-tab-content-1091\">Olive Villa Plan\u0131<\/div>\n                            <\/div>\n            <div class=\"elementor-tabs-content-wrapper\">\n                                    <div id=\"elementor-tab-content-1091\" class=\"elementor-tab-content elementor-clearfix elementor-active elementor-repeater-item-7b53859\" data-tab=\"1\" role=\"tabpanel\" aria-labelledby=\"elementor-tab-title-1091\">\n                                                    \t\t<div data-elementor-type=\"section\" data-elementor-id=\"4906\" class=\"elementor elementor-4906\">\n\t\t\t\t\t\t<section class=\"elementor-section elementor-top-section elementor-element elementor-element-68bd1bf elementor-section-content-middle elementor-section-boxed elementor-section-height-default elementor-section-height-default\" data-id=\"68bd1bf\" data-element_type=\"section\">\n\t\t\t\t\t\t<div class=\"elementor-container elementor-column-gap-no\">\n\t\t\t\t\t<div class=\"elementor-column elementor-col-33 elementor-top-column elementor-element elementor-element-48a35448\" data-id=\"48a35448\" data-element_type=\"column\">\n\t\t\t<div class=\"elementor-widget-wrap elementor-element-populated\">\n\t\t\t\t\t\t<div class=\"elementor-element elementor-element-24773410 elementor-widget elementor-widget-apartment-info\" data-id=\"24773410\" data-element_type=\"widget\" data-widget_type=\"apartment-info.default\">\n\t\t\t\t<div class=\"elementor-widget-container\">\n\t\t\t\t\t        <ul class=\"elementor-apartment-list-items\">\n                            <li class=\"elementor-apartment-list-item\" >\n                                            <span class=\"elementor-title-list\">Yatak odas\u0131<\/span>\n                                                                    <span class=\"elementor-value-list\">3<\/span>\n                                                        <\/li>\n                            <li class=\"elementor-apartment-list-item\" >\n                                            <span class=\"elementor-title-list elementor-title-list\">Banyo<\/span>\n                                                                    <span class=\"elementor-value-list\">3<\/span>\n                                                        <\/li>\n                            <li class=\"elementor-apartment-list-item\" >\n                                            <span class=\"elementor-title-list elementor-title-list elementor-title-list\">Otopark<\/span>\n                                                                    <span class=\"elementor-value-list\">\u00d6zel Otopark<\/span>\n                                                        <\/li>\n                            <li class=\"elementor-apartment-list-item\" >\n                                            <span class=\"elementor-title-list elementor-title-list elementor-title-list elementor-title-list\">Boyut<\/span>\n                                                                    <span class=\"elementor-value-list\">183 M\u00b2<\/span>\n                                                        <\/li>\n                            <li class=\"elementor-apartment-list-item\" >\n                                            <span class=\"elementor-title-list elementor-title-list elementor-title-list elementor-title-list elementor-title-list\">Tip<\/span>\n                                                                    <span class=\"elementor-value-list\">Villa<\/span>\n                                                        <\/li>\n                    <\/ul>\n        \t\t\t\t<\/div>\n\t\t\t\t<\/div>\n\t\t\t\t\t<\/div>\n\t\t<\/div>\n\t\t\t\t<div class=\"elementor-column elementor-col-66 elementor-top-column elementor-element elementor-element-67dee0e1\" data-id=\"67dee0e1\" data-element_type=\"column\">\n\t\t\t<div class=\"elementor-widget-wrap elementor-element-populated\">\n\t\t\t\t\t\t<div class=\"elementor-element elementor-element-21019827 elementor-widget elementor-widget-image\" data-id=\"21019827\" data-element_type=\"widget\" data-widget_type=\"image.default\">\n\t\t\t\t<div class=\"elementor-widget-container\">\n\t\t\t\t\t\t\t\t\t\t\t\t\t\t\t<img fetchpriority=\"high\" decoding=\"async\" width=\"1280\" height=\"822\" src=\"https:\/\/www.isatis.com.tr\/wp-content\/uploads\/2023\/02\/olive-Villas-plan-1.jpg\" class=\"attachment-full size-full wp-image-4153\" alt=\"\" srcset=\"https:\/\/www.isatis.com.tr\/wp-content\/uploads\/2023\/02\/olive-Villas-plan-1.jpg 1280w, https:\/\/www.isatis.com.tr\/wp-content\/uploads\/2023\/02\/olive-Villas-plan-1-300x193.jpg 300w, https:\/\/www.isatis.com.tr\/wp-content\/uploads\/2023\/02\/olive-Villas-plan-1-1024x658.jpg 1024w, https:\/\/www.isatis.com.tr\/wp-content\/uploads\/2023\/02\/olive-Villas-plan-1-768x493.jpg 768w, https:\/\/www.isatis.com.tr\/wp-content\/uploads\/2023\/02\/olive-Villas-plan-1-400x257.jpg 400w\" sizes=\"(max-width: 1280px) 100vw, 1280px\" \/>\t\t\t\t\t\t\t\t\t\t\t\t\t\t\t<\/div>\n\t\t\t\t<\/div>\n\t\t\t\t\t<\/div>\n\t\t<\/div>\n\t\t\t\t\t<\/div>\n\t\t<\/section>\n\t\t\t\t<\/div>\n\t\t                                            <\/div>\n                            <\/div>\n        <\/div>\n        \t\t\t\t<\/div>\n\t\t\t\t<\/div>\n\t\t\t\t\t<\/div>\n\t\t<\/div>\n\t\t\t\t\t<\/div>\n\t\t<\/section>\n\t\t\t\t<\/div>","protected":false},"excerpt":{"rendered":"<p>Olive Villalar br\u00fct 183 m2, arsa alan\u0131 275 m2 olan bu se\u00e7kin 3 yatak odal\u0131 tek ki\u015filik villalar 3 banyodan olu\u015fmaktad\u0131r. Modern mimarisi ve e\u015fsiz planlar\u0131, ola\u011fan\u00fcst\u00fc ye\u015fil alan\u0131yla ayr\u0131cal\u0131kl\u0131 bir ya\u015fam sunuyor. Tamam\u0131 D\u0131\u015f Mekan Zeytinli Villa Plan\u0131 Yatak Odas\u0131 3 Banyo 3 Otopark \u00d6zel Otopark B\u00fcy\u00fckl\u00fc\u011f\u00fc 260-275 M\u00b2 Villa Tipi<\/p>","protected":false},"author":2,"featured_media":0,"parent":0,"menu_order":0,"comment_status":"closed","ping_status":"closed","template":"","meta":{"inline_featured_image":false,"_monsterinsights_skip_tracking":false,"_monsterinsights_sitenote_active":false,"_monsterinsights_sitenote_note":"","_monsterinsights_sitenote_category":0,"footnotes":""},"class_list":["post-4833","page","type-page","status-publish","hentry"],"_links":{"self":[{"href":"https:\/\/www.isatis.com.tr\/tr\/wp-json\/wp\/v2\/pages\/4833","targetHints":{"allow":["GET"]}}],"collection":[{"href":"https:\/\/www.isatis.com.tr\/tr\/wp-json\/wp\/v2\/pages"}],"about":[{"href":"https:\/\/www.isatis.com.tr\/tr\/wp-json\/wp\/v2\/types\/page"}],"author":[{"embeddable":true,"href":"https:\/\/www.isatis.com.tr\/tr\/wp-json\/wp\/v2\/users\/2"}],"replies":[{"embeddable":true,"href":"https:\/\/www.isatis.com.tr\/tr\/wp-json\/wp\/v2\/comments?post=4833"}],"version-history":[{"count":0,"href":"https:\/\/www.isatis.com.tr\/tr\/wp-json\/wp\/v2\/pages\/4833\/revisions"}],"wp:attachment":[{"href":"https:\/\/www.isatis.com.tr\/tr\/wp-json\/wp\/v2\/media?parent=4833"}],"curies":[{"name":"wp","href":"https:\/\/api.w.org\/{rel}","templated":true}]}}