{"id":4987,"date":"2023-03-30T12:31:17","date_gmt":"2023-03-30T12:31:17","guid":{"rendered":"https:\/\/www.isatis.website\/?page_id=4987"},"modified":"2023-04-14T13:49:23","modified_gmt":"2023-04-14T13:49:23","slug":"mango-villa","status":"publish","type":"page","link":"https:\/\/www.isatis.com.tr\/tr\/mango-villa\/","title":{"rendered":"Mango Villas\u0131"},"content":{"rendered":"<div data-elementor-type=\"wp-page\" data-elementor-id=\"4987\" class=\"elementor elementor-4987\">\n\t\t\t\t\t\t<section class=\"elementor-section elementor-top-section elementor-element elementor-element-104f3b12 elementor-section-stretched elementor-section-boxed elementor-section-height-default elementor-section-height-default\" data-id=\"104f3b12\" data-element_type=\"section\" data-settings=\"{&quot;stretch_section&quot;:&quot;section-stretched&quot;}\">\n\t\t\t\t\t\t<div class=\"elementor-container elementor-column-gap-no\">\n\t\t\t\t\t<div class=\"elementor-column elementor-col-100 elementor-top-column elementor-element elementor-element-3a042d0c\" data-id=\"3a042d0c\" data-element_type=\"column\">\n\t\t\t<div class=\"elementor-widget-wrap elementor-element-populated\">\n\t\t\t\t\t\t<section class=\"elementor-section elementor-inner-section elementor-element elementor-element-4aece679 elementor-section-boxed elementor-section-height-default elementor-section-height-default\" data-id=\"4aece679\" data-element_type=\"section\">\n\t\t\t\t\t\t<div class=\"elementor-container elementor-column-gap-no\">\n\t\t\t\t\t<div class=\"elementor-column elementor-col-100 elementor-inner-column elementor-element elementor-element-4dc73141\" data-id=\"4dc73141\" data-element_type=\"column\">\n\t\t\t<div class=\"elementor-widget-wrap elementor-element-populated\">\n\t\t\t\t\t\t<div class=\"elementor-element elementor-element-30161845 animated-fast elementor-invisible elementor-widget elementor-widget-text-editor\" data-id=\"30161845\" data-element_type=\"widget\" data-settings=\"{&quot;_animation&quot;:&quot;opal-move-up&quot;}\" data-widget_type=\"text-editor.default\">\n\t\t\t\t<div class=\"elementor-widget-container\">\n\t\t\t\t\t\t\t\t\t<h2><strong>Mango Villalar\u0131<\/strong><\/h2>\t\t\t\t\t\t\t\t<\/div>\n\t\t\t\t<\/div>\n\t\t\t\t<div class=\"elementor-element elementor-element-4c5986c0 animated-fast elementor-invisible elementor-widget elementor-widget-text-editor\" data-id=\"4c5986c0\" data-element_type=\"widget\" data-settings=\"{&quot;_animation&quot;:&quot;opal-move-up&quot;}\" data-widget_type=\"text-editor.default\">\n\t\t\t\t<div class=\"elementor-widget-container\">\n\t\t\t\t\t\t\t\t\tMANGO Villalar\u0131, ORCHARD konut kompleksinin ye\u015fillikleri aras\u0131nda yer alan, \u00fc\u00e7 yatak odal\u0131 ve \u00fc\u00e7 banyolu, iki katl\u0131 \u00f6zel villalard\u0131r. Villalar \u015fezlong ve \u015femsiyelerle donat\u0131lm\u0131\u015f, a\u011fa\u00e7lar ve \u00e7i\u00e7eklerle \u00e7evrili \u00f6zel bir y\u00fczme havuzunun etraf\u0131nda toplanm\u0131\u015ft\u0131r. Villalar bir ma\u011fazan\u0131n ve plaj voleybolu sahas\u0131, tenis kortu ve \u00e7ocuk oyun alan\u0131 i\u00e7eren ye\u015fil bir park alan\u0131n\u0131n hemen yak\u0131n\u0131nda yer almaktad\u0131r. MANGO Villalar\u0131 m\u00fcstakil villalar ve yar\u0131 m\u00fcstakil villalardan olu\u015fmaktad\u0131r. Bu modern villalar\u0131n br\u00fct alan\u0131 186 m\u00b2, arsa alan\u0131 ise 287-475 m\u00b2&#039;dir.\t\t\t\t\t\t\t\t<\/div>\n\t\t\t\t<\/div>\n\t\t\t\t\t<\/div>\n\t\t<\/div>\n\t\t\t\t\t<\/div>\n\t\t<\/section>\n\t\t\t\t<div class=\"elementor-element elementor-element-986bd83 gallery-style-2 elementor-filter-top elementor-widget elementor-widget-opal-image-gallery\" data-id=\"986bd83\" data-element_type=\"widget\" data-widget_type=\"opal-image-gallery.default\">\n\t\t\t\t<div class=\"elementor-widget-container\">\n\t\t\t\t\t            <ul class=\"elementor-galerry__filters\"\n                data-related=\"isotope-986bd83\">\n                <li class=\"elementor-galerry__filter elementor-active\"\n                    data-filter=\".__all\">T\u00fcm<\/li>\n                                    <li class=\"elementor-galerry__filter\"\n                        data-filter=\".gallery_group_0\">D\u0131\u015f<\/li>\n                            <\/ul>\n            \n        <div class=\"elementor-opal-image-gallery\">\n            <div class=\"row grid isotope-grid gallery-visibility\" data-elementor-columns=\"4\" data-elementor-columns-tablet=\"2\">\n                                        <div class=\"column-item grid__item masonry-item __all gallery_group_0\">\n                            <a data-elementor-open-lightbox=\"no\"                                href=\"https:\/\/www.isatis.com.tr\/wp-content\/uploads\/2023\/04\/Mango-Villa-7.jpg\">\n                                <img decoding=\"async\" src=\"https:\/\/www.isatis.com.tr\/wp-content\/uploads\/2023\/04\/Mango-Villa-7.jpg\"\n                                     alt=\"Mango-Villa-7\"\/>\n                                                            <\/a>\n                        <\/div>\n                                                <div class=\"column-item grid__item masonry-item __all gallery_group_0\">\n                            <a data-elementor-open-lightbox=\"no\"                                href=\"https:\/\/www.isatis.com.tr\/wp-content\/uploads\/2023\/02\/Mango-Villa-1-1.jpg\">\n                                <img decoding=\"async\" src=\"https:\/\/www.isatis.com.tr\/wp-content\/uploads\/2023\/02\/Mango-Villa-1-1.jpg\"\n                                     alt=\"Mango-Villa-1\"\/>\n                                                            <\/a>\n                        <\/div>\n                                                <div class=\"column-item grid__item masonry-item __all gallery_group_0\">\n                            <a data-elementor-open-lightbox=\"no\"                                href=\"https:\/\/www.isatis.com.tr\/wp-content\/uploads\/2023\/02\/Mango-Villa-8.jpg\">\n                                <img decoding=\"async\" src=\"https:\/\/www.isatis.com.tr\/wp-content\/uploads\/2023\/02\/Mango-Villa-8.jpg\"\n                                     alt=\"Mango-Villa-8\"\/>\n                                                            <\/a>\n                        <\/div>\n                                                <div class=\"column-item grid__item masonry-item __all gallery_group_0\">\n                            <a data-elementor-open-lightbox=\"no\"                                href=\"https:\/\/www.isatis.com.tr\/wp-content\/uploads\/2023\/02\/Mango-Villa-5.jpg\">\n                                <img decoding=\"async\" src=\"https:\/\/www.isatis.com.tr\/wp-content\/uploads\/2023\/02\/Mango-Villa-5.jpg\"\n                                     alt=\"Mango-Villa-5\"\/>\n                                                            <\/a>\n                        <\/div>\n                                                <div class=\"column-item grid__item masonry-item __all gallery_group_0\">\n                            <a data-elementor-open-lightbox=\"no\"                                href=\"https:\/\/www.isatis.com.tr\/wp-content\/uploads\/2023\/02\/Mango-Villa-4.jpg\">\n                                <img decoding=\"async\" src=\"https:\/\/www.isatis.com.tr\/wp-content\/uploads\/2023\/02\/Mango-Villa-4.jpg\"\n                                     alt=\"Mango-Villa-4\"\/>\n                                                            <\/a>\n                        <\/div>\n                                                <div class=\"column-item grid__item masonry-item __all gallery_group_0\">\n                            <a data-elementor-open-lightbox=\"no\"                                href=\"https:\/\/www.isatis.com.tr\/wp-content\/uploads\/2023\/02\/Mango-Villa-3.jpg\">\n                                <img decoding=\"async\" src=\"https:\/\/www.isatis.com.tr\/wp-content\/uploads\/2023\/02\/Mango-Villa-3.jpg\"\n                                     alt=\"Mango-Villa-3\"\/>\n                                                            <\/a>\n                        <\/div>\n                                                <div class=\"column-item grid__item masonry-item __all gallery_group_0\">\n                            <a data-elementor-open-lightbox=\"no\"                                href=\"https:\/\/www.isatis.com.tr\/wp-content\/uploads\/2023\/02\/Mango-Villa-6.jpg\">\n                                <img decoding=\"async\" src=\"https:\/\/www.isatis.com.tr\/wp-content\/uploads\/2023\/02\/Mango-Villa-6.jpg\"\n                                     alt=\"Mango-Villa-6\"\/>\n                                                            <\/a>\n                        <\/div>\n                                                <div class=\"column-item grid__item masonry-item __all gallery_group_0\">\n                            <a data-elementor-open-lightbox=\"no\"                                href=\"https:\/\/www.isatis.com.tr\/wp-content\/uploads\/2023\/02\/Mango-Villa-1.jpg\">\n                                <img decoding=\"async\" src=\"https:\/\/www.isatis.com.tr\/wp-content\/uploads\/2023\/02\/Mango-Villa-1.jpg\"\n                                     alt=\"Mango-Villa-1\"\/>\n                                                            <\/a>\n                        <\/div>\n                                                <div class=\"column-item grid__item masonry-item __all gallery_group_0\">\n                            <a data-elementor-open-lightbox=\"no\"                                href=\"https:\/\/www.isatis.com.tr\/wp-content\/uploads\/2023\/02\/Mango-Villa-2.jpg\">\n                                <img decoding=\"async\" src=\"https:\/\/www.isatis.com.tr\/wp-content\/uploads\/2023\/02\/Mango-Villa-2.jpg\"\n                                     alt=\"Mango-Villa-2\"\/>\n                                                            <\/a>\n                        <\/div>\n                                    <\/div>\n        <\/div>\n        \t\t\t\t<\/div>\n\t\t\t\t<\/div>\n\t\t\t\t<div class=\"elementor-element elementor-element-7b45dd39 elementor-tabs-view-horizontal elementor-widget elementor-widget-opal-tabs\" data-id=\"7b45dd39\" data-element_type=\"widget\" data-widget_type=\"opal-tabs.default\">\n\t\t\t\t<div class=\"elementor-widget-container\">\n\t\t\t\t\t        <div class=\"elementor-tabs\" role=\"tablist\">\n            <div class=\"elementor-tabs-wrapper\">\n                                    <div id=\"elementor-tab-title-2061\" class=\"elementor-tab-title elementor-tab-desktop-title elementor-active elementor-repeater-item-7b53859\" data-tab=\"1\" tabindex=\"2061\" role=\"tab\" aria-controls=\"elementor-tab-content-2061\">Mango Villa Plan\u0131<\/div>\n                            <\/div>\n            <div class=\"elementor-tabs-content-wrapper\">\n                                    <div id=\"elementor-tab-content-2061\" class=\"elementor-tab-content elementor-clearfix elementor-active elementor-repeater-item-7b53859\" data-tab=\"1\" role=\"tabpanel\" aria-labelledby=\"elementor-tab-title-2061\">\n                                                    \t\t<div data-elementor-type=\"section\" data-elementor-id=\"4908\" class=\"elementor elementor-4908\">\n\t\t\t\t\t\t<section class=\"elementor-section elementor-top-section elementor-element elementor-element-163998f6 elementor-section-content-middle elementor-section-boxed elementor-section-height-default elementor-section-height-default\" data-id=\"163998f6\" data-element_type=\"section\">\n\t\t\t\t\t\t<div class=\"elementor-container elementor-column-gap-no\">\n\t\t\t\t\t<div class=\"elementor-column elementor-col-33 elementor-top-column elementor-element elementor-element-4bcd395b\" data-id=\"4bcd395b\" data-element_type=\"column\">\n\t\t\t<div class=\"elementor-widget-wrap elementor-element-populated\">\n\t\t\t\t\t\t<div class=\"elementor-element elementor-element-623e5efc elementor-widget elementor-widget-apartment-info\" data-id=\"623e5efc\" data-element_type=\"widget\" data-widget_type=\"apartment-info.default\">\n\t\t\t\t<div class=\"elementor-widget-container\">\n\t\t\t\t\t        <ul class=\"elementor-apartment-list-items\">\n                            <li class=\"elementor-apartment-list-item\" >\n                                            <span class=\"elementor-title-list\">Yatak odas\u0131<\/span>\n                                                                    <span class=\"elementor-value-list\">3<\/span>\n                                                        <\/li>\n                            <li class=\"elementor-apartment-list-item\" >\n                                            <span class=\"elementor-title-list elementor-title-list\">Banyo<\/span>\n                                                                    <span class=\"elementor-value-list\">3<\/span>\n                                                        <\/li>\n                            <li class=\"elementor-apartment-list-item\" >\n                                            <span class=\"elementor-title-list elementor-title-list elementor-title-list\">Otopark<\/span>\n                                                                    <span class=\"elementor-value-list\">\u00d6zel Otopark<\/span>\n                                                        <\/li>\n                            <li class=\"elementor-apartment-list-item\" >\n                                            <span class=\"elementor-title-list elementor-title-list elementor-title-list elementor-title-list\">Boyut<\/span>\n                                                                    <span class=\"elementor-value-list\">186 M\u00b2<\/span>\n                                                        <\/li>\n                            <li class=\"elementor-apartment-list-item\" >\n                                            <span class=\"elementor-title-list elementor-title-list elementor-title-list elementor-title-list elementor-title-list\">Tip<\/span>\n                                                                    <span class=\"elementor-value-list\">Villa<\/span>\n                                                        <\/li>\n                    <\/ul>\n        \t\t\t\t<\/div>\n\t\t\t\t<\/div>\n\t\t\t\t\t<\/div>\n\t\t<\/div>\n\t\t\t\t<div class=\"elementor-column elementor-col-66 elementor-top-column elementor-element elementor-element-2634a8d5\" data-id=\"2634a8d5\" data-element_type=\"column\">\n\t\t\t<div class=\"elementor-widget-wrap elementor-element-populated\">\n\t\t\t\t\t\t<div class=\"elementor-element elementor-element-38b59498 elementor-widget elementor-widget-image\" data-id=\"38b59498\" data-element_type=\"widget\" data-widget_type=\"image.default\">\n\t\t\t\t<div class=\"elementor-widget-container\">\n\t\t\t\t\t\t\t\t\t\t\t\t\t\t\t<img fetchpriority=\"high\" decoding=\"async\" width=\"1280\" height=\"822\" src=\"https:\/\/www.isatis.com.tr\/wp-content\/uploads\/2023\/03\/mango-kat-plani.jpg\" class=\"attachment-full size-full wp-image-4918\" alt=\"\" srcset=\"https:\/\/www.isatis.com.tr\/wp-content\/uploads\/2023\/03\/mango-kat-plani.jpg 1280w, https:\/\/www.isatis.com.tr\/wp-content\/uploads\/2023\/03\/mango-kat-plani-300x193.jpg 300w, https:\/\/www.isatis.com.tr\/wp-content\/uploads\/2023\/03\/mango-kat-plani-1024x658.jpg 1024w, https:\/\/www.isatis.com.tr\/wp-content\/uploads\/2023\/03\/mango-kat-plani-768x493.jpg 768w, https:\/\/www.isatis.com.tr\/wp-content\/uploads\/2023\/03\/mango-kat-plani-400x257.jpg 400w\" sizes=\"(max-width: 1280px) 100vw, 1280px\" \/>\t\t\t\t\t\t\t\t\t\t\t\t\t\t\t<\/div>\n\t\t\t\t<\/div>\n\t\t\t\t\t<\/div>\n\t\t<\/div>\n\t\t\t\t\t<\/div>\n\t\t<\/section>\n\t\t\t\t<\/div>\n\t\t                                            <\/div>\n                            <\/div>\n        <\/div>\n        \t\t\t\t<\/div>\n\t\t\t\t<\/div>\n\t\t\t\t\t<\/div>\n\t\t<\/div>\n\t\t\t\t\t<\/div>\n\t\t<\/section>\n\t\t\t\t<\/div>","protected":false},"excerpt":{"rendered":"<p>Mango Villalar\u0131 MANGO Villalar\u0131, ORCHARD konut kompleksinin ye\u015fillikleri aras\u0131nda yer alan, \u00fc\u00e7 yatak odal\u0131 ve \u00fc\u00e7 banyolu, iki katl\u0131 \u00f6zel villalard\u0131r. Villalar \u015fezlong ve \u015femsiyelerle donat\u0131lm\u0131\u015f, a\u011fa\u00e7lar ve \u00e7i\u00e7eklerle \u00e7evrili \u00f6zel bir y\u00fczme havuzunun etraf\u0131nda toplanm\u0131\u015ft\u0131r. Villalar bir d\u00fckkan\u0131n hemen yak\u0131n\u0131nda bulunmaktad\u0131r\u2026 <\/p>\n<p class=\"link-more\"><a href=\"https:\/\/www.isatis.com.tr\/tr\/mango-villa\/\" class=\"more-link\">Devam\u0131n\u0131 oku <span class=\"screen-reader-text\"> \u201cMango Villas\u0131\u201d<\/span><\/a><\/p>","protected":false},"author":2,"featured_media":0,"parent":0,"menu_order":0,"comment_status":"closed","ping_status":"closed","template":"","meta":{"inline_featured_image":false,"_monsterinsights_skip_tracking":false,"_monsterinsights_sitenote_active":false,"_monsterinsights_sitenote_note":"","_monsterinsights_sitenote_category":0,"footnotes":""},"class_list":["post-4987","page","type-page","status-publish","hentry"],"_links":{"self":[{"href":"https:\/\/www.isatis.com.tr\/tr\/wp-json\/wp\/v2\/pages\/4987","targetHints":{"allow":["GET"]}}],"collection":[{"href":"https:\/\/www.isatis.com.tr\/tr\/wp-json\/wp\/v2\/pages"}],"about":[{"href":"https:\/\/www.isatis.com.tr\/tr\/wp-json\/wp\/v2\/types\/page"}],"author":[{"embeddable":true,"href":"https:\/\/www.isatis.com.tr\/tr\/wp-json\/wp\/v2\/users\/2"}],"replies":[{"embeddable":true,"href":"https:\/\/www.isatis.com.tr\/tr\/wp-json\/wp\/v2\/comments?post=4987"}],"version-history":[{"count":0,"href":"https:\/\/www.isatis.com.tr\/tr\/wp-json\/wp\/v2\/pages\/4987\/revisions"}],"wp:attachment":[{"href":"https:\/\/www.isatis.com.tr\/tr\/wp-json\/wp\/v2\/media?parent=4987"}],"curies":[{"name":"wp","href":"https:\/\/api.w.org\/{rel}","templated":true}]}}