{"id":5507,"date":"2023-04-03T07:05:30","date_gmt":"2023-04-03T07:05:30","guid":{"rendered":"https:\/\/www.isatis.website\/?page_id=5507"},"modified":"2023-04-24T22:32:04","modified_gmt":"2023-04-24T22:32:04","slug":"isatis-1","status":"publish","type":"page","link":"https:\/\/www.isatis.com.tr\/tr\/isatis-1\/","title":{"rendered":"\u0130satis 1"},"content":{"rendered":"<div data-elementor-type=\"wp-page\" data-elementor-id=\"5507\" class=\"elementor elementor-5507\">\n\t\t\t\t\t\t<section class=\"elementor-section elementor-top-section elementor-element elementor-element-694e77a0 elementor-section-stretched elementor-section-boxed elementor-section-height-default elementor-section-height-default\" data-id=\"694e77a0\" data-element_type=\"section\" data-settings=\"{&quot;stretch_section&quot;:&quot;section-stretched&quot;}\">\n\t\t\t\t\t\t<div class=\"elementor-container elementor-column-gap-no\">\n\t\t\t\t\t<div class=\"elementor-column elementor-col-100 elementor-top-column elementor-element elementor-element-48d4dfbe\" data-id=\"48d4dfbe\" data-element_type=\"column\">\n\t\t\t<div class=\"elementor-widget-wrap elementor-element-populated\">\n\t\t\t\t\t\t<section class=\"elementor-section elementor-inner-section elementor-element elementor-element-32c742ee elementor-section-full_width elementor-section-height-default elementor-section-height-default\" data-id=\"32c742ee\" data-element_type=\"section\">\n\t\t\t\t\t\t<div class=\"elementor-container elementor-column-gap-no\">\n\t\t\t\t\t<div class=\"elementor-column elementor-col-100 elementor-inner-column elementor-element elementor-element-42b9b594\" data-id=\"42b9b594\" data-element_type=\"column\">\n\t\t\t<div class=\"elementor-widget-wrap elementor-element-populated\">\n\t\t\t\t\t\t<div class=\"elementor-element elementor-element-215f7710 elementor-widget elementor-widget-text-editor\" data-id=\"215f7710\" data-element_type=\"widget\" data-widget_type=\"text-editor.default\">\n\t\t\t\t<div class=\"elementor-widget-container\">\n\t\t\t\t\t\t\t\t\tGazima\u011fusa \u015fehir merkezinde kapal\u0131 otopark, intercom, kartl\u0131 lift, merkezi uydu ve internet sistemine sahip modern daire, kira getirisi ile kendini amorti edebilecek m\u00fckemmel bir yat\u0131r\u0131md\u0131r. Be\u015f katta 20 adet 2+1 daireden olu\u015fmaktad\u0131r.\t\t\t\t\t\t\t\t<\/div>\n\t\t\t\t<\/div>\n\t\t\t\t\t<\/div>\n\t\t<\/div>\n\t\t\t\t\t<\/div>\n\t\t<\/section>\n\t\t\t\t\t<\/div>\n\t\t<\/div>\n\t\t\t\t\t<\/div>\n\t\t<\/section>\n\t\t\t\t<section class=\"elementor-section elementor-top-section elementor-element elementor-element-65fa650 elementor-section-stretched elementor-section-boxed elementor-section-height-default elementor-section-height-default\" data-id=\"65fa650\" data-element_type=\"section\" data-settings=\"{&quot;stretch_section&quot;:&quot;section-stretched&quot;}\">\n\t\t\t\t\t\t<div class=\"elementor-container elementor-column-gap-no\">\n\t\t\t\t\t<div class=\"elementor-column elementor-col-100 elementor-top-column elementor-element elementor-element-24463f20\" data-id=\"24463f20\" data-element_type=\"column\">\n\t\t\t<div class=\"elementor-widget-wrap elementor-element-populated\">\n\t\t\t\t\t\t<section class=\"elementor-section elementor-inner-section elementor-element elementor-element-2888190f elementor-section-boxed elementor-section-height-default elementor-section-height-default\" data-id=\"2888190f\" data-element_type=\"section\">\n\t\t\t\t\t\t<div class=\"elementor-container elementor-column-gap-no\">\n\t\t\t\t\t<div class=\"elementor-column elementor-col-100 elementor-inner-column elementor-element elementor-element-70780d6f\" data-id=\"70780d6f\" data-element_type=\"column\">\n\t\t\t<div class=\"elementor-widget-wrap elementor-element-populated\">\n\t\t\t\t\t\t<div class=\"elementor-element elementor-element-6ae0ce99 animated-fast elementor-invisible elementor-widget elementor-widget-text-editor\" data-id=\"6ae0ce99\" data-element_type=\"widget\" data-settings=\"{&quot;_animation&quot;:&quot;opal-move-up&quot;}\" data-widget_type=\"text-editor.default\">\n\t\t\t\t<div class=\"elementor-widget-container\">\n\t\t\t\t\t\t\t\t\t<h2><strong>ISATIS 1 DA\u0130RE <\/strong><\/h2>\t\t\t\t\t\t\t\t<\/div>\n\t\t\t\t<\/div>\n\t\t\t\t\t<\/div>\n\t\t<\/div>\n\t\t\t\t\t<\/div>\n\t\t<\/section>\n\t\t\t\t<div class=\"elementor-element elementor-element-303f4f8a gallery-style-2 elementor-filter-top elementor-widget elementor-widget-opal-image-gallery\" data-id=\"303f4f8a\" data-element_type=\"widget\" data-widget_type=\"opal-image-gallery.default\">\n\t\t\t\t<div class=\"elementor-widget-container\">\n\t\t\t\t\t            <ul class=\"elementor-galerry__filters\"\n                data-related=\"isotope-303f4f8a\">\n                <li class=\"elementor-galerry__filter elementor-active\"\n                    data-filter=\".__all\">T\u00fcm<\/li>\n                                    <li class=\"elementor-galerry__filter\"\n                        data-filter=\".gallery_group_0\">D\u0131\u015f<\/li>\n                                    <li class=\"elementor-galerry__filter\"\n                        data-filter=\".gallery_group_1\">\u0130\u00e7<\/li>\n                            <\/ul>\n            \n        <div class=\"elementor-opal-image-gallery\">\n            <div class=\"row grid isotope-grid gallery-visibility\" data-elementor-columns=\"4\" data-elementor-columns-tablet=\"2\">\n                                        <div class=\"column-item grid__item masonry-item __all gallery_group_0\">\n                            <a data-elementor-open-lightbox=\"no\"                                href=\"https:\/\/www.isatis.com.tr\/wp-content\/uploads\/2023\/02\/isatis1-3d-6.jpg\">\n                                <img decoding=\"async\" src=\"https:\/\/www.isatis.com.tr\/wp-content\/uploads\/2023\/02\/isatis1-3d-6.jpg\"\n                                     alt=\"isatis1-3d-6\"\/>\n                                                            <\/a>\n                        <\/div>\n                                                <div class=\"column-item grid__item masonry-item __all gallery_group_0\">\n                            <a data-elementor-open-lightbox=\"no\"                                href=\"https:\/\/www.isatis.com.tr\/wp-content\/uploads\/2023\/02\/isatis1-3d-5.jpg\">\n                                <img decoding=\"async\" src=\"https:\/\/www.isatis.com.tr\/wp-content\/uploads\/2023\/02\/isatis1-3d-5.jpg\"\n                                     alt=\"isatis1-3d-5\"\/>\n                                                            <\/a>\n                        <\/div>\n                                                <div class=\"column-item grid__item masonry-item __all gallery_group_1\">\n                            <a data-elementor-open-lightbox=\"no\"                                href=\"https:\/\/www.isatis.com.tr\/wp-content\/uploads\/2023\/02\/isatis1-3d-4.jpg\">\n                                <img decoding=\"async\" src=\"https:\/\/www.isatis.com.tr\/wp-content\/uploads\/2023\/02\/isatis1-3d-4.jpg\"\n                                     alt=\"isatis1-3d-4\"\/>\n                                                            <\/a>\n                        <\/div>\n                                                <div class=\"column-item grid__item masonry-item __all gallery_group_1\">\n                            <a data-elementor-open-lightbox=\"no\"                                href=\"https:\/\/www.isatis.com.tr\/wp-content\/uploads\/2023\/02\/isatis1-3d-3.jpg\">\n                                <img decoding=\"async\" src=\"https:\/\/www.isatis.com.tr\/wp-content\/uploads\/2023\/02\/isatis1-3d-3.jpg\"\n                                     alt=\"isatis1-3d-3\"\/>\n                                                            <\/a>\n                        <\/div>\n                                                <div class=\"column-item grid__item masonry-item __all gallery_group_1\">\n                            <a data-elementor-open-lightbox=\"no\"                                href=\"https:\/\/www.isatis.com.tr\/wp-content\/uploads\/2023\/02\/isatis1-3d-2.jpg\">\n                                <img decoding=\"async\" src=\"https:\/\/www.isatis.com.tr\/wp-content\/uploads\/2023\/02\/isatis1-3d-2.jpg\"\n                                     alt=\"isatis1-3d-2\"\/>\n                                                            <\/a>\n                        <\/div>\n                                                <div class=\"column-item grid__item masonry-item __all gallery_group_1\">\n                            <a data-elementor-open-lightbox=\"no\"                                href=\"https:\/\/www.isatis.com.tr\/wp-content\/uploads\/2023\/02\/isatis1-3d-1.jpg\">\n                                <img decoding=\"async\" src=\"https:\/\/www.isatis.com.tr\/wp-content\/uploads\/2023\/02\/isatis1-3d-1.jpg\"\n                                     alt=\"isatis1-3d-1\"\/>\n                                                            <\/a>\n                        <\/div>\n                                    <\/div>\n        <\/div>\n        \t\t\t\t<\/div>\n\t\t\t\t<\/div>\n\t\t\t\t<div class=\"elementor-element elementor-element-7335c089 elementor-tabs-view-horizontal elementor-widget elementor-widget-opal-tabs\" data-id=\"7335c089\" data-element_type=\"widget\" data-widget_type=\"opal-tabs.default\">\n\t\t\t\t<div class=\"elementor-widget-container\">\n\t\t\t\t\t        <div class=\"elementor-tabs\" role=\"tablist\">\n            <div class=\"elementor-tabs-wrapper\">\n                                    <div id=\"elementor-tab-title-1931\" class=\"elementor-tab-title elementor-tab-desktop-title elementor-active elementor-repeater-item-9c9a4d2\" data-tab=\"1\" tabindex=\"1931\" role=\"tab\" aria-controls=\"elementor-tab-content-1931\">isatis 1 Plan\u0131<\/div>\n                            <\/div>\n            <div class=\"elementor-tabs-content-wrapper\">\n                                    <div id=\"elementor-tab-content-1931\" class=\"elementor-tab-content elementor-clearfix elementor-active elementor-repeater-item-9c9a4d2\" data-tab=\"1\" role=\"tabpanel\" aria-labelledby=\"elementor-tab-title-1931\">\n                                                    \t\t<div data-elementor-type=\"section\" data-elementor-id=\"5516\" class=\"elementor elementor-5516\">\n\t\t\t\t\t\t<section class=\"elementor-section elementor-top-section elementor-element elementor-element-7494db44 elementor-section-content-middle elementor-section-boxed elementor-section-height-default elementor-section-height-default\" data-id=\"7494db44\" data-element_type=\"section\">\n\t\t\t\t\t\t<div class=\"elementor-container elementor-column-gap-no\">\n\t\t\t\t\t<div class=\"elementor-column elementor-col-33 elementor-top-column elementor-element elementor-element-4cfc54b9\" data-id=\"4cfc54b9\" data-element_type=\"column\">\n\t\t\t<div class=\"elementor-widget-wrap elementor-element-populated\">\n\t\t\t\t\t\t<div class=\"elementor-element elementor-element-3f8d20a5 elementor-widget elementor-widget-apartment-info\" data-id=\"3f8d20a5\" data-element_type=\"widget\" data-widget_type=\"apartment-info.default\">\n\t\t\t\t<div class=\"elementor-widget-container\">\n\t\t\t\t\t        <ul class=\"elementor-apartment-list-items\">\n                            <li class=\"elementor-apartment-list-item\" >\n                                            <span class=\"elementor-title-list\">Yatak odas\u0131<\/span>\n                                                                    <span class=\"elementor-value-list\">2<\/span>\n                                                        <\/li>\n                            <li class=\"elementor-apartment-list-item\" >\n                                            <span class=\"elementor-title-list elementor-title-list\">Banyo<\/span>\n                                                                    <span class=\"elementor-value-list\">1<\/span>\n                                                        <\/li>\n                            <li class=\"elementor-apartment-list-item\" >\n                                            <span class=\"elementor-title-list elementor-title-list elementor-title-list\">Boyut<\/span>\n                                                                    <span class=\"elementor-value-list\">70 -75 M\u00b2<\/span>\n                                                        <\/li>\n                            <li class=\"elementor-apartment-list-item\" >\n                                            <span class=\"elementor-title-list elementor-title-list elementor-title-list elementor-title-list\">Tip<\/span>\n                                                                    <span class=\"elementor-value-list\">Apartman<\/span>\n                                                        <\/li>\n                    <\/ul>\n        \t\t\t\t<\/div>\n\t\t\t\t<\/div>\n\t\t\t\t\t<\/div>\n\t\t<\/div>\n\t\t\t\t<div class=\"elementor-column elementor-col-66 elementor-top-column elementor-element elementor-element-5720c1e3\" data-id=\"5720c1e3\" data-element_type=\"column\">\n\t\t\t<div class=\"elementor-widget-wrap elementor-element-populated\">\n\t\t\t\t\t\t<div class=\"elementor-element elementor-element-4003686a elementor-widget elementor-widget-image\" data-id=\"4003686a\" data-element_type=\"widget\" data-widget_type=\"image.default\">\n\t\t\t\t<div class=\"elementor-widget-container\">\n\t\t\t\t\t\t\t\t\t\t\t\t\t\t\t<img fetchpriority=\"high\" decoding=\"async\" width=\"1280\" height=\"822\" src=\"https:\/\/www.isatis.com.tr\/wp-content\/uploads\/2023\/02\/isatis1-plan.jpg\" class=\"attachment-full size-full wp-image-3669\" alt=\"\" srcset=\"https:\/\/www.isatis.com.tr\/wp-content\/uploads\/2023\/02\/isatis1-plan.jpg 1280w, https:\/\/www.isatis.com.tr\/wp-content\/uploads\/2023\/02\/isatis1-plan-300x193.jpg 300w, https:\/\/www.isatis.com.tr\/wp-content\/uploads\/2023\/02\/isatis1-plan-1024x658.jpg 1024w, https:\/\/www.isatis.com.tr\/wp-content\/uploads\/2023\/02\/isatis1-plan-768x493.jpg 768w, https:\/\/www.isatis.com.tr\/wp-content\/uploads\/2023\/02\/isatis1-plan-400x257.jpg 400w\" sizes=\"(max-width: 1280px) 100vw, 1280px\" \/>\t\t\t\t\t\t\t\t\t\t\t\t\t\t\t<\/div>\n\t\t\t\t<\/div>\n\t\t\t\t\t<\/div>\n\t\t<\/div>\n\t\t\t\t\t<\/div>\n\t\t<\/section>\n\t\t\t\t<\/div>\n\t\t                                            <\/div>\n                            <\/div>\n        <\/div>\n        \t\t\t\t<\/div>\n\t\t\t\t<\/div>\n\t\t\t\t\t<\/div>\n\t\t<\/div>\n\t\t\t\t\t<\/div>\n\t\t<\/section>\n\t\t\t\t<\/div>","protected":false},"excerpt":{"rendered":"<p>Gazima\u011fusa \u015fehir merkezinde kapal\u0131 otopark, intercom, kartl\u0131 lift, merkezi uydu ve internet sistemine sahip modern daire, kira getirisi ile kendini amorti edebilecek m\u00fckemmel bir yat\u0131r\u0131md\u0131r. Be\u015f katta 20 adet 2+1 daireden olu\u015fmaktad\u0131r. ISATIS 1 DA\u0130RE Tamam\u0131 D\u0131\u015f \u0130\u00e7 isatis 1 Plan Yatak Odas\u0131 2 Banyo 1 B\u00fcy\u00fckl\u00fck 70 \u2026 <\/p>\n<p class=\"link-more\"><a href=\"https:\/\/www.isatis.com.tr\/tr\/isatis-1\/\" class=\"more-link\">Devam\u0131n\u0131 oku <span class=\"screen-reader-text\"> \u201cIsatis 1\u201d<\/span><\/a><\/p>","protected":false},"author":2,"featured_media":3668,"parent":0,"menu_order":0,"comment_status":"closed","ping_status":"closed","template":"","meta":{"inline_featured_image":false,"_monsterinsights_skip_tracking":false,"_monsterinsights_sitenote_active":false,"_monsterinsights_sitenote_note":"","_monsterinsights_sitenote_category":0,"footnotes":""},"class_list":["post-5507","page","type-page","status-publish","has-post-thumbnail","hentry"],"_links":{"self":[{"href":"https:\/\/www.isatis.com.tr\/tr\/wp-json\/wp\/v2\/pages\/5507","targetHints":{"allow":["GET"]}}],"collection":[{"href":"https:\/\/www.isatis.com.tr\/tr\/wp-json\/wp\/v2\/pages"}],"about":[{"href":"https:\/\/www.isatis.com.tr\/tr\/wp-json\/wp\/v2\/types\/page"}],"author":[{"embeddable":true,"href":"https:\/\/www.isatis.com.tr\/tr\/wp-json\/wp\/v2\/users\/2"}],"replies":[{"embeddable":true,"href":"https:\/\/www.isatis.com.tr\/tr\/wp-json\/wp\/v2\/comments?post=5507"}],"version-history":[{"count":0,"href":"https:\/\/www.isatis.com.tr\/tr\/wp-json\/wp\/v2\/pages\/5507\/revisions"}],"wp:featuredmedia":[{"embeddable":true,"href":"https:\/\/www.isatis.com.tr\/tr\/wp-json\/wp\/v2\/media\/3668"}],"wp:attachment":[{"href":"https:\/\/www.isatis.com.tr\/tr\/wp-json\/wp\/v2\/media?parent=5507"}],"curies":[{"name":"wp","href":"https:\/\/api.w.org\/{rel}","templated":true}]}}