{"id":6347,"date":"2023-04-24T22:24:04","date_gmt":"2023-04-24T22:24:04","guid":{"rendered":"https:\/\/www.isatis.website\/?page_id=6347"},"modified":"2023-04-24T22:31:10","modified_gmt":"2023-04-24T22:31:10","slug":"elysium-villa","status":"publish","type":"page","link":"https:\/\/www.isatis.com.tr\/tr\/elysium-villa\/","title":{"rendered":"Elysium Villas\u0131"},"content":{"rendered":"<div data-elementor-type=\"wp-page\" data-elementor-id=\"6347\" class=\"elementor elementor-6347\">\n\t\t\t\t\t\t<section class=\"elementor-section elementor-top-section elementor-element elementor-element-5b1e563d elementor-section-stretched elementor-section-boxed elementor-section-height-default elementor-section-height-default\" data-id=\"5b1e563d\" data-element_type=\"section\" data-settings=\"{&quot;stretch_section&quot;:&quot;section-stretched&quot;}\">\n\t\t\t\t\t\t<div class=\"elementor-container elementor-column-gap-no\">\n\t\t\t\t\t<div class=\"elementor-column elementor-col-100 elementor-top-column elementor-element elementor-element-26395c73\" data-id=\"26395c73\" data-element_type=\"column\">\n\t\t\t<div class=\"elementor-widget-wrap elementor-element-populated\">\n\t\t\t\t\t\t<section class=\"elementor-section elementor-inner-section elementor-element elementor-element-1d32825e elementor-section-boxed elementor-section-height-default elementor-section-height-default\" data-id=\"1d32825e\" data-element_type=\"section\">\n\t\t\t\t\t\t<div class=\"elementor-container elementor-column-gap-no\">\n\t\t\t\t\t<div class=\"elementor-column elementor-col-100 elementor-inner-column elementor-element elementor-element-2aa6bf10\" data-id=\"2aa6bf10\" data-element_type=\"column\">\n\t\t\t<div class=\"elementor-widget-wrap elementor-element-populated\">\n\t\t\t\t\t\t<div class=\"elementor-element elementor-element-1be69e67 animated-fast elementor-invisible elementor-widget elementor-widget-text-editor\" data-id=\"1be69e67\" data-element_type=\"widget\" data-settings=\"{&quot;_animation&quot;:&quot;opal-move-up&quot;}\" data-widget_type=\"text-editor.default\">\n\t\t\t\t<div class=\"elementor-widget-container\">\n\t\t\t\t\t\t\t\t\t<h2><strong>ELYSIUM V\u0130LLALARI<\/strong><\/h2>\t\t\t\t\t\t\t\t<\/div>\n\t\t\t\t<\/div>\n\t\t\t\t<div class=\"elementor-element elementor-element-404dcbd2 animated-fast elementor-invisible elementor-widget elementor-widget-text-editor\" data-id=\"404dcbd2\" data-element_type=\"widget\" data-settings=\"{&quot;_animation&quot;:&quot;opal-move-up&quot;}\" data-widget_type=\"text-editor.default\">\n\t\t\t\t<div class=\"elementor-widget-container\">\n\t\t\t\t\t\t\t\t\tELYSIUM Villalar\u0131, ELYSIUM konut kompleksinin \u00f6zel bir alan\u0131nda yer alan, \u00fc\u00e7 yatak odal\u0131, \u00fc\u00e7 banyolu ve \u00f6zel havuz imkan\u0131na sahip \u00f6zel m\u00fcstakil ve yar\u0131 m\u00fcstakil villalard\u0131r.\t\t\t\t\t\t\t\t<\/div>\n\t\t\t\t<\/div>\n\t\t\t\t\t<\/div>\n\t\t<\/div>\n\t\t\t\t\t<\/div>\n\t\t<\/section>\n\t\t\t\t<div class=\"elementor-element elementor-element-70ac0601 gallery-style-2 gallery-spacing-custom elementor-widget elementor-widget-opal-image-gallery\" data-id=\"70ac0601\" data-element_type=\"widget\" data-widget_type=\"opal-image-gallery.default\">\n\t\t\t\t<div class=\"elementor-widget-container\">\n\t\t\t\t\t\n        <div class=\"elementor-opal-image-gallery\">\n            <div class=\"row grid isotope-grid gallery-visibility\" data-elementor-columns=\"3\" data-elementor-columns-tablet=\"2\">\n                                        <div class=\"column-item grid__item masonry-item __all gallery_group_0\">\n                            <a data-elementor-open-lightbox=\"no\"                                href=\"https:\/\/www.isatis.com.tr\/wp-content\/uploads\/2023\/03\/Elysium-villa-dis-1.png\">\n                                <img decoding=\"async\" src=\"https:\/\/www.isatis.com.tr\/wp-content\/uploads\/2023\/03\/Elysium-villa-dis-1.png\"\n                                     alt=\"Elysium villa dis 1\"\/>\n                                                            <\/a>\n                        <\/div>\n                                                <div class=\"column-item grid__item masonry-item __all gallery_group_0\">\n                            <a data-elementor-open-lightbox=\"no\"                                href=\"https:\/\/www.isatis.com.tr\/wp-content\/uploads\/2023\/03\/Elysium-villa-dis-2.png\">\n                                <img decoding=\"async\" src=\"https:\/\/www.isatis.com.tr\/wp-content\/uploads\/2023\/03\/Elysium-villa-dis-2.png\"\n                                     alt=\"Elysium villa dis 2\"\/>\n                                                            <\/a>\n                        <\/div>\n                                                <div class=\"column-item grid__item masonry-item __all gallery_group_0\">\n                            <a data-elementor-open-lightbox=\"no\"                                href=\"https:\/\/www.isatis.com.tr\/wp-content\/uploads\/2023\/03\/Elysium-villa-dis-3.png\">\n                                <img decoding=\"async\" src=\"https:\/\/www.isatis.com.tr\/wp-content\/uploads\/2023\/03\/Elysium-villa-dis-3.png\"\n                                     alt=\"Elysium villa dis 3\"\/>\n                                                            <\/a>\n                        <\/div>\n                                                <div class=\"column-item grid__item masonry-item __all gallery_group_0\">\n                            <a data-elementor-open-lightbox=\"no\"                                href=\"https:\/\/www.isatis.com.tr\/wp-content\/uploads\/2023\/03\/Elysium-villa-dis-5.png\">\n                                <img decoding=\"async\" src=\"https:\/\/www.isatis.com.tr\/wp-content\/uploads\/2023\/03\/Elysium-villa-dis-5.png\"\n                                     alt=\"Elysium villa dis 5\"\/>\n                                                            <\/a>\n                        <\/div>\n                                                <div class=\"column-item grid__item masonry-item __all gallery_group_0\">\n                            <a data-elementor-open-lightbox=\"no\"                                href=\"https:\/\/www.isatis.com.tr\/wp-content\/uploads\/2023\/03\/Elysium-villa-dis-6.png\">\n                                <img decoding=\"async\" src=\"https:\/\/www.isatis.com.tr\/wp-content\/uploads\/2023\/03\/Elysium-villa-dis-6.png\"\n                                     alt=\"Elysium villa dis 6\"\/>\n                                                            <\/a>\n                        <\/div>\n                                                <div class=\"column-item grid__item masonry-item __all gallery_group_0\">\n                            <a data-elementor-open-lightbox=\"no\"                                href=\"https:\/\/www.isatis.com.tr\/wp-content\/uploads\/2023\/03\/Elysium-villa-dis-7.png\">\n                                <img decoding=\"async\" src=\"https:\/\/www.isatis.com.tr\/wp-content\/uploads\/2023\/03\/Elysium-villa-dis-7.png\"\n                                     alt=\"Elysium villa dis 7\"\/>\n                                                            <\/a>\n                        <\/div>\n                                                <div class=\"column-item grid__item masonry-item __all gallery_group_0\">\n                            <a data-elementor-open-lightbox=\"no\"                                href=\"https:\/\/www.isatis.com.tr\/wp-content\/uploads\/2023\/03\/Elysium-villa-dis-8.png\">\n                                <img decoding=\"async\" src=\"https:\/\/www.isatis.com.tr\/wp-content\/uploads\/2023\/03\/Elysium-villa-dis-8.png\"\n                                     alt=\"Elysium villa dis 8\"\/>\n                                                            <\/a>\n                        <\/div>\n                                                <div class=\"column-item grid__item masonry-item __all gallery_group_0\">\n                            <a data-elementor-open-lightbox=\"no\"                                href=\"https:\/\/www.isatis.com.tr\/wp-content\/uploads\/2023\/03\/Elysium-villa-dis-9.png\">\n                                <img decoding=\"async\" src=\"https:\/\/www.isatis.com.tr\/wp-content\/uploads\/2023\/03\/Elysium-villa-dis-9.png\"\n                                     alt=\"Elysium villa dis 9\"\/>\n                                                            <\/a>\n                        <\/div>\n                                                <div class=\"column-item grid__item masonry-item __all gallery_group_0\">\n                            <a data-elementor-open-lightbox=\"no\"                                href=\"https:\/\/www.isatis.com.tr\/wp-content\/uploads\/2023\/03\/Elysium-villa-dis-10.png\">\n                                <img decoding=\"async\" src=\"https:\/\/www.isatis.com.tr\/wp-content\/uploads\/2023\/03\/Elysium-villa-dis-10.png\"\n                                     alt=\"Elysium villa dis 10\"\/>\n                                                            <\/a>\n                        <\/div>\n                                                <div class=\"column-item grid__item masonry-item __all gallery_group_0\">\n                            <a data-elementor-open-lightbox=\"no\"                                href=\"https:\/\/www.isatis.com.tr\/wp-content\/uploads\/2023\/03\/Elysium-villa-dis-11.png\">\n                                <img decoding=\"async\" src=\"https:\/\/www.isatis.com.tr\/wp-content\/uploads\/2023\/03\/Elysium-villa-dis-11.png\"\n                                     alt=\"Elysium villa dis 11\"\/>\n                                                            <\/a>\n                        <\/div>\n                                    <\/div>\n        <\/div>\n        \t\t\t\t<\/div>\n\t\t\t\t<\/div>\n\t\t\t\t<div class=\"elementor-element elementor-element-7aa4cf2a elementor-tabs-view-horizontal elementor-widget elementor-widget-opal-tabs\" data-id=\"7aa4cf2a\" data-element_type=\"widget\" data-widget_type=\"opal-tabs.default\">\n\t\t\t\t<div class=\"elementor-widget-container\">\n\t\t\t\t\t        <div class=\"elementor-tabs\" role=\"tablist\">\n            <div class=\"elementor-tabs-wrapper\">\n                                    <div id=\"elementor-tab-title-2051\" class=\"elementor-tab-title elementor-tab-desktop-title elementor-active elementor-repeater-item-7b53859\" data-tab=\"1\" tabindex=\"2051\" role=\"tab\" aria-controls=\"elementor-tab-content-2051\">M\u00fcstakil Villa<\/div>\n                                    <div id=\"elementor-tab-title-2052\" class=\"elementor-tab-title elementor-tab-desktop-title  elementor-repeater-item-fccb19b\" data-tab=\"2\" tabindex=\"2052\" role=\"tab\" aria-controls=\"elementor-tab-content-2052\">Yar\u0131 m\u00fcstakil Villa<\/div>\n                            <\/div>\n            <div class=\"elementor-tabs-content-wrapper\">\n                                    <div id=\"elementor-tab-content-2051\" class=\"elementor-tab-content elementor-clearfix elementor-active elementor-repeater-item-7b53859\" data-tab=\"1\" role=\"tabpanel\" aria-labelledby=\"elementor-tab-title-2051\">\n                                                    \t\t<div data-elementor-type=\"section\" data-elementor-id=\"354\" class=\"elementor elementor-354\">\n\t\t\t\t\t\t<section class=\"elementor-section elementor-top-section elementor-element elementor-element-5938d3a elementor-section-boxed elementor-section-height-default elementor-section-height-default\" data-id=\"5938d3a\" data-element_type=\"section\">\n\t\t\t\t\t\t<div class=\"elementor-container elementor-column-gap-no\">\n\t\t\t\t\t<div class=\"elementor-column elementor-col-33 elementor-top-column elementor-element elementor-element-de6abbe\" data-id=\"de6abbe\" data-element_type=\"column\">\n\t\t\t<div class=\"elementor-widget-wrap elementor-element-populated\">\n\t\t\t\t\t\t<div class=\"elementor-element elementor-element-361df3c elementor-widget elementor-widget-text-editor\" data-id=\"361df3c\" data-element_type=\"widget\" data-widget_type=\"text-editor.default\">\n\t\t\t\t<div class=\"elementor-widget-container\">\n\t\t\t\t\t\t\t\t\t<p><span style=\"color: rgb(25, 25, 25); font-family: Lato; font-size: 16px; letter-spacing: normal; text-align: center;\">Elysium<\/span><span style=\"color: rgb(25, 25, 25); font-family: Lato; font-size: 16px; letter-spacing: normal; text-align: center;\">&nbsp;<\/span><span style=\"color: rgb(25, 25, 25); font-family: Lato; font-size: 16px; letter-spacing: normal; text-align: center;\">Villalar, Elysium konut kompleksinin \u00f6zel bir b\u00f6lgesinde yer alan, \u00fc\u00e7 yatak odal\u0131, \u00fc\u00e7 banyolu ve \u00f6zel havuz imkan\u0131na sahip \u00f6zel m\u00fcstakil ve yar\u0131 m\u00fcstakil villalard\u0131r.<\/span><br><\/p>\t\t\t\t\t\t\t\t<\/div>\n\t\t\t\t<\/div>\n\t\t\t\t<div class=\"elementor-element elementor-element-3d0d60d elementor-widget elementor-widget-apartment-info\" data-id=\"3d0d60d\" data-element_type=\"widget\" data-widget_type=\"apartment-info.default\">\n\t\t\t\t<div class=\"elementor-widget-container\">\n\t\t\t\t\t        <ul class=\"elementor-apartment-list-items\">\n                            <li class=\"elementor-apartment-list-item\" >\n                                            <span class=\"elementor-title-list\">YATAK ODALARI<\/span>\n                                                                    <span class=\"elementor-value-list\">3<\/span>\n                                                        <\/li>\n                            <li class=\"elementor-apartment-list-item\" >\n                                            <span class=\"elementor-title-list elementor-title-list\">Banyo<\/span>\n                                                                    <span class=\"elementor-value-list\">3<\/span>\n                                                        <\/li>\n                            <li class=\"elementor-apartment-list-item\" >\n                                            <span class=\"elementor-title-list elementor-title-list elementor-title-list\">BOYUT<\/span>\n                                                                    <span class=\"elementor-value-list\">220 M\u00b2<\/span>\n                                                        <\/li>\n                            <li class=\"elementor-apartment-list-item\" >\n                                            <span class=\"elementor-title-list elementor-title-list elementor-title-list elementor-title-list\">KOMPLO<\/span>\n                                                                    <span class=\"elementor-value-list\">405-413 M\u00b2<\/span>\n                                                        <\/li>\n                            <li class=\"elementor-apartment-list-item\" >\n                                            <span class=\"elementor-title-list elementor-title-list elementor-title-list elementor-title-list elementor-title-list\">\u00c7ATI BAH\u00c7ES\u0130<\/span>\n                                                                    <span class=\"elementor-value-list\">88 M\u00b2<\/span>\n                                                        <\/li>\n                    <\/ul>\n        \t\t\t\t<\/div>\n\t\t\t\t<\/div>\n\t\t\t\t\t<\/div>\n\t\t<\/div>\n\t\t\t\t<div class=\"elementor-column elementor-col-66 elementor-top-column elementor-element elementor-element-545ff29\" data-id=\"545ff29\" data-element_type=\"column\">\n\t\t\t<div class=\"elementor-widget-wrap elementor-element-populated\">\n\t\t\t\t\t\t<div class=\"elementor-element elementor-element-cf3ef38 elementor-widget elementor-widget-image\" data-id=\"cf3ef38\" data-element_type=\"widget\" data-widget_type=\"image.default\">\n\t\t\t\t<div class=\"elementor-widget-container\">\n\t\t\t\t\t\t\t\t\t\t\t\t\t\t\t<img fetchpriority=\"high\" decoding=\"async\" width=\"570\" height=\"374\" src=\"https:\/\/www.isatis.com.tr\/wp-content\/uploads\/2018\/12\/Elysium-detached-Villa-plan.jpg\" class=\"attachment-full size-full wp-image-4396\" alt=\"\" srcset=\"https:\/\/www.isatis.com.tr\/wp-content\/uploads\/2018\/12\/Elysium-detached-Villa-plan.jpg 570w, https:\/\/www.isatis.com.tr\/wp-content\/uploads\/2018\/12\/Elysium-detached-Villa-plan-300x197.jpg 300w, https:\/\/www.isatis.com.tr\/wp-content\/uploads\/2018\/12\/Elysium-detached-Villa-plan-400x262.jpg 400w\" sizes=\"(max-width: 570px) 100vw, 570px\" \/>\t\t\t\t\t\t\t\t\t\t\t\t\t\t\t<\/div>\n\t\t\t\t<\/div>\n\t\t\t\t\t<\/div>\n\t\t<\/div>\n\t\t\t\t\t<\/div>\n\t\t<\/section>\n\t\t\t\t<\/div>\n\t\t                                            <\/div>\n                                    <div id=\"elementor-tab-content-2052\" class=\"elementor-tab-content elementor-clearfix  elementor-repeater-item-fccb19b\" data-tab=\"2\" role=\"tabpanel\" aria-labelledby=\"elementor-tab-title-2052\">\n                                                    \t\t<div data-elementor-type=\"section\" data-elementor-id=\"384\" class=\"elementor elementor-384\">\n\t\t\t\t\t\t<section class=\"elementor-section elementor-top-section elementor-element elementor-element-6ad37ad elementor-section-boxed elementor-section-height-default elementor-section-height-default\" data-id=\"6ad37ad\" data-element_type=\"section\">\n\t\t\t\t\t\t<div class=\"elementor-container elementor-column-gap-no\">\n\t\t\t\t\t<div class=\"elementor-column elementor-col-33 elementor-top-column elementor-element elementor-element-1e119e2\" data-id=\"1e119e2\" data-element_type=\"column\">\n\t\t\t<div class=\"elementor-widget-wrap elementor-element-populated\">\n\t\t\t\t\t\t<div class=\"elementor-element elementor-element-66b18c2 elementor-widget elementor-widget-text-editor\" data-id=\"66b18c2\" data-element_type=\"widget\" data-widget_type=\"text-editor.default\">\n\t\t\t\t<div class=\"elementor-widget-container\">\n\t\t\t\t\t\t\t\t\t<p><span style=\"color: #191919; font-family: Lato; font-size: 16px; letter-spacing: normal; text-align: center;\">Elysium<\/span><span style=\"color: #191919; font-family: Lato; font-size: 16px; letter-spacing: normal; text-align: center;\">\u00a0<\/span><span style=\"color: #191919; font-family: Lato; font-size: 16px; letter-spacing: normal; text-align: center;\">Villalar, Elysium konut kompleksinin \u00f6zel bir b\u00f6lgesinde yer alan, \u00fc\u00e7 yatak odal\u0131, \u00fc\u00e7 banyolu ve \u00f6zel havuz imkan\u0131na sahip \u00f6zel m\u00fcstakil ve yar\u0131 m\u00fcstakil villalard\u0131r.<\/span><\/p>\t\t\t\t\t\t\t\t<\/div>\n\t\t\t\t<\/div>\n\t\t\t\t<div class=\"elementor-element elementor-element-6020203 elementor-widget elementor-widget-apartment-info\" data-id=\"6020203\" data-element_type=\"widget\" data-widget_type=\"apartment-info.default\">\n\t\t\t\t<div class=\"elementor-widget-container\">\n\t\t\t\t\t        <ul class=\"elementor-apartment-list-items\">\n                            <li class=\"elementor-apartment-list-item\" >\n                                            <span class=\"elementor-title-list\">Yatak odalar\u0131<\/span>\n                                                                    <span class=\"elementor-value-list\">3<\/span>\n                                                        <\/li>\n                            <li class=\"elementor-apartment-list-item\" >\n                                            <span class=\"elementor-title-list elementor-title-list\">Hamamlar<\/span>\n                                                                    <span class=\"elementor-value-list\">3<\/span>\n                                                        <\/li>\n                            <li class=\"elementor-apartment-list-item\" >\n                                            <span class=\"elementor-title-list elementor-title-list elementor-title-list\">Boyut<\/span>\n                                                                    <span class=\"elementor-value-list\">220 M\u00b2<\/span>\n                                                        <\/li>\n                            <li class=\"elementor-apartment-list-item\" >\n                                            <span class=\"elementor-title-list elementor-title-list elementor-title-list elementor-title-list\">Komplo<\/span>\n                                                                    <span class=\"elementor-value-list\">275-320 M\u00b2<\/span>\n                                                        <\/li>\n                            <li class=\"elementor-apartment-list-item\" >\n                                            <span class=\"elementor-title-list elementor-title-list elementor-title-list elementor-title-list elementor-title-list\">\u00c7at\u0131 bah\u00e7esi<\/span>\n                                                                    <span class=\"elementor-value-list\">88 M\u00b2<\/span>\n                                                        <\/li>\n                    <\/ul>\n        \t\t\t\t<\/div>\n\t\t\t\t<\/div>\n\t\t\t\t\t<\/div>\n\t\t<\/div>\n\t\t\t\t<div class=\"elementor-column elementor-col-66 elementor-top-column elementor-element elementor-element-86c1d10\" data-id=\"86c1d10\" data-element_type=\"column\">\n\t\t\t<div class=\"elementor-widget-wrap elementor-element-populated\">\n\t\t\t\t\t\t<div class=\"elementor-element elementor-element-bdbd148 elementor-widget elementor-widget-image\" data-id=\"bdbd148\" data-element_type=\"widget\" data-widget_type=\"image.default\">\n\t\t\t\t<div class=\"elementor-widget-container\">\n\t\t\t\t\t\t\t\t\t\t\t\t\t\t\t<img decoding=\"async\" width=\"570\" height=\"374\" src=\"https:\/\/www.isatis.com.tr\/wp-content\/uploads\/2018\/12\/Elysium-Semi-detached-Villa-plan.jpg\" class=\"attachment-full size-full wp-image-4381\" alt=\"\" srcset=\"https:\/\/www.isatis.com.tr\/wp-content\/uploads\/2018\/12\/Elysium-Semi-detached-Villa-plan.jpg 570w, https:\/\/www.isatis.com.tr\/wp-content\/uploads\/2018\/12\/Elysium-Semi-detached-Villa-plan-300x197.jpg 300w, https:\/\/www.isatis.com.tr\/wp-content\/uploads\/2018\/12\/Elysium-Semi-detached-Villa-plan-400x262.jpg 400w\" sizes=\"(max-width: 570px) 100vw, 570px\" \/>\t\t\t\t\t\t\t\t\t\t\t\t\t\t\t<\/div>\n\t\t\t\t<\/div>\n\t\t\t\t\t<\/div>\n\t\t<\/div>\n\t\t\t\t\t<\/div>\n\t\t<\/section>\n\t\t\t\t<\/div>\n\t\t                                            <\/div>\n                            <\/div>\n        <\/div>\n        \t\t\t\t<\/div>\n\t\t\t\t<\/div>\n\t\t\t\t\t<\/div>\n\t\t<\/div>\n\t\t\t\t\t<\/div>\n\t\t<\/section>\n\t\t\t\t<\/div>","protected":false},"excerpt":{"rendered":"<p>ELYSIUM V\u0130LLALARI ELYSIUM Villalar\u0131, ELYSIUM konut kompleksinin \u00f6zel bir alan\u0131nda yer alan, \u00fc\u00e7 yatak odal\u0131, \u00fc\u00e7 banyolu ve \u00f6zel havuz imkan\u0131na sahip \u00f6zel m\u00fcstakil ve yar\u0131 m\u00fcstakil villalard\u0131r. M\u00fcstakil Villa Yar\u0131 Derached Villa Elysium Villalar\u0131, \u00fc\u00e7 yatak odal\u0131, \u00fc\u00e7 banyolu, oturma imkan\u0131na sahip \u00f6zel m\u00fcstakil ve yar\u0131 m\u00fcstakil villalard\u0131r\u2026 <\/p>\n<p class=\"link-more\"><a href=\"https:\/\/www.isatis.com.tr\/tr\/elysium-villa\/\" class=\"more-link\">Devam\u0131n\u0131 oku <span class=\"screen-reader-text\"> \u201cElysium Villas\u0131\u201d<\/span><\/a><\/p>","protected":false},"author":2,"featured_media":0,"parent":0,"menu_order":0,"comment_status":"closed","ping_status":"closed","template":"","meta":{"inline_featured_image":false,"_monsterinsights_skip_tracking":false,"_monsterinsights_sitenote_active":false,"_monsterinsights_sitenote_note":"","_monsterinsights_sitenote_category":0,"footnotes":""},"class_list":["post-6347","page","type-page","status-publish","hentry"],"_links":{"self":[{"href":"https:\/\/www.isatis.com.tr\/tr\/wp-json\/wp\/v2\/pages\/6347","targetHints":{"allow":["GET"]}}],"collection":[{"href":"https:\/\/www.isatis.com.tr\/tr\/wp-json\/wp\/v2\/pages"}],"about":[{"href":"https:\/\/www.isatis.com.tr\/tr\/wp-json\/wp\/v2\/types\/page"}],"author":[{"embeddable":true,"href":"https:\/\/www.isatis.com.tr\/tr\/wp-json\/wp\/v2\/users\/2"}],"replies":[{"embeddable":true,"href":"https:\/\/www.isatis.com.tr\/tr\/wp-json\/wp\/v2\/comments?post=6347"}],"version-history":[{"count":0,"href":"https:\/\/www.isatis.com.tr\/tr\/wp-json\/wp\/v2\/pages\/6347\/revisions"}],"wp:attachment":[{"href":"https:\/\/www.isatis.com.tr\/tr\/wp-json\/wp\/v2\/media?parent=6347"}],"curies":[{"name":"wp","href":"https:\/\/api.w.org\/{rel}","templated":true}]}}