{"id":7308,"date":"2024-07-21T16:18:46","date_gmt":"2024-07-21T16:18:46","guid":{"rendered":"https:\/\/www.isatis.com.tr\/?page_id=7308"},"modified":"2024-07-21T16:20:02","modified_gmt":"2024-07-21T16:20:02","slug":"blog","status":"publish","type":"page","link":"https:\/\/www.isatis.com.tr\/tr\/blog\/","title":{"rendered":"Blog"},"content":{"rendered":"<div data-elementor-type=\"wp-page\" data-elementor-id=\"7308\" class=\"elementor elementor-7308\">\n\t\t\t\t\t\t<section class=\"elementor-section elementor-top-section elementor-element elementor-element-01e7cc6 elementor-section-boxed elementor-section-height-default elementor-section-height-default\" data-id=\"01e7cc6\" data-element_type=\"section\">\n\t\t\t\t\t\t<div class=\"elementor-container elementor-column-gap-default\">\n\t\t\t\t\t<div class=\"elementor-column elementor-col-100 elementor-top-column elementor-element elementor-element-0ea8c3d\" data-id=\"0ea8c3d\" data-element_type=\"column\">\n\t\t\t<div class=\"elementor-widget-wrap elementor-element-populated\">\n\t\t\t\t\t\t<div class=\"elementor-element elementor-element-6c347e3 elementor-widget elementor-widget-opal-post-grid\" data-id=\"6c347e3\" data-element_type=\"widget\" data-widget_type=\"opal-post-grid.default\">\n\t\t\t\t<div class=\"elementor-widget-container\">\n\t\t\t\t\t        <div class=\"elementor-post-wrapper post-style-2\">\n            <div class=\"row\" data-elementor-columns=\"3\">\n\n                <div class=\"column-item post-style-2\">\n    <div class=\"post-inner\">\n                    <div class=\"post-thumbnail\">\n                <a href=\"https:\/\/www.isatis.com.tr\/tr\/2024\/07\/21\/house-for-sale-in-cyprus\/\">\n                    <img fetchpriority=\"high\" decoding=\"async\" width=\"600\" height=\"390\" src=\"https:\/\/www.isatis.com.tr\/wp-content\/uploads\/2024\/03\/House-for-sale-in-North-Cyprus-600x390.jpg\" class=\"attachment-maisonco-featured-image-large size-maisonco-featured-image-large wp-post-image\" alt=\"\" srcset=\"https:\/\/www.isatis.com.tr\/wp-content\/uploads\/2024\/03\/House-for-sale-in-North-Cyprus-600x390.jpg 600w, https:\/\/www.isatis.com.tr\/wp-content\/uploads\/2024\/03\/House-for-sale-in-North-Cyprus-18x12.jpg 18w\" sizes=\"(max-width: 600px) 100vw, 600px\" \/>                <\/a>\n                <span class=\"posted-on\"> <a href=\"https:\/\/www.isatis.com.tr\/tr\/2024\/07\/21\/house-for-sale-in-cyprus\/\" rel=\"bookmark\"><time class=\"entry-date published updated\" datetime=\"2024-07-21T16:15:00+00:00\">Temmuz 21, 2024<\/time><\/a> <\/span>\n            <\/div><!-- .post-thumbnail -->\n                <div class=\"post-content\">\n            <div class=\"entry-header\">\n                <h3 class=\"entry-title\"><a href=\"https:\/\/www.isatis.com.tr\/tr\/2024\/07\/21\/house-for-sale-in-cyprus\/\">House for Sale in Cyprus<\/a><\/h3>\n            <\/div>\n            <div class=\"entry-meta\">\n                <div class=\"entry-meta-inner\">\n                    <div class=\"entry-meta-inner\"><span class=\"entry-category\" > i\u00e7inde <a href=\"https:\/\/www.isatis.com.tr\/tr\/category\/investment-opportunities\/\" rel=\"category tag\">Yat\u0131r\u0131m f\u0131rsatlar\u0131<\/a> <\/span><span class=\"author vcard\" > taraf\u0131ndan g\u00f6nderildi <a class=\"url fn n\" href=\"https:\/\/www.isatis.com.tr\/tr\/author\/isatis\/\">isatis<\/a> <\/span><\/div>                <\/div>\n            <\/div>\n\n        <\/div>\n    <\/div>\n<\/div><div class=\"column-item post-style-2\">\n    <div class=\"post-inner\">\n                    <div class=\"post-thumbnail\">\n                <a href=\"https:\/\/www.isatis.com.tr\/tr\/2024\/07\/21\/flat-for-sale-in-north-cyprus\/\">\n                    <img decoding=\"async\" width=\"600\" height=\"390\" src=\"https:\/\/www.isatis.com.tr\/wp-content\/uploads\/2024\/03\/Flat-for-Sale-in-North-Cyprus-600x390.jpg\" class=\"attachment-maisonco-featured-image-large size-maisonco-featured-image-large wp-post-image\" alt=\"\" srcset=\"https:\/\/www.isatis.com.tr\/wp-content\/uploads\/2024\/03\/Flat-for-Sale-in-North-Cyprus-600x390.jpg 600w, https:\/\/www.isatis.com.tr\/wp-content\/uploads\/2024\/03\/Flat-for-Sale-in-North-Cyprus-18x12.jpg 18w\" sizes=\"(max-width: 600px) 100vw, 600px\" \/>                <\/a>\n                <span class=\"posted-on\"> <a href=\"https:\/\/www.isatis.com.tr\/tr\/2024\/07\/21\/flat-for-sale-in-north-cyprus\/\" rel=\"bookmark\"><time class=\"entry-date published updated\" datetime=\"2024-07-21T16:15:12+00:00\">Temmuz 21, 2024<\/time><\/a> <\/span>\n            <\/div><!-- .post-thumbnail -->\n                <div class=\"post-content\">\n            <div class=\"entry-header\">\n                <h3 class=\"entry-title\"><a href=\"https:\/\/www.isatis.com.tr\/tr\/2024\/07\/21\/flat-for-sale-in-north-cyprus\/\">Flat for Sale in North Cyprus<\/a><\/h3>\n            <\/div>\n            <div class=\"entry-meta\">\n                <div class=\"entry-meta-inner\">\n                    <div class=\"entry-meta-inner\"><span class=\"entry-category\" > i\u00e7inde <a href=\"https:\/\/www.isatis.com.tr\/tr\/category\/investment-opportunities\/\" rel=\"category tag\">Yat\u0131r\u0131m f\u0131rsatlar\u0131<\/a> <\/span><span class=\"author vcard\" > taraf\u0131ndan g\u00f6nderildi <a class=\"url fn n\" href=\"https:\/\/www.isatis.com.tr\/tr\/author\/isatis\/\">isatis<\/a> <\/span><\/div>                <\/div>\n            <\/div>\n\n        <\/div>\n    <\/div>\n<\/div><div class=\"column-item post-style-2\">\n    <div class=\"post-inner\">\n                    <div class=\"post-thumbnail\">\n                <a href=\"https:\/\/www.isatis.com.tr\/tr\/2024\/07\/21\/house-for-sale-in-trnc\/\">\n                    <img decoding=\"async\" width=\"600\" height=\"390\" src=\"https:\/\/www.isatis.com.tr\/wp-content\/uploads\/2024\/03\/House-for-Sale-in-TRNC-600x390.jpg\" class=\"attachment-maisonco-featured-image-large size-maisonco-featured-image-large wp-post-image\" alt=\"\" srcset=\"https:\/\/www.isatis.com.tr\/wp-content\/uploads\/2024\/03\/House-for-Sale-in-TRNC-600x390.jpg 600w, https:\/\/www.isatis.com.tr\/wp-content\/uploads\/2024\/03\/House-for-Sale-in-TRNC-18x12.jpg 18w\" sizes=\"(max-width: 600px) 100vw, 600px\" \/>                <\/a>\n                <span class=\"posted-on\"> <a href=\"https:\/\/www.isatis.com.tr\/tr\/2024\/07\/21\/house-for-sale-in-trnc\/\" rel=\"bookmark\"><time class=\"entry-date published updated\" datetime=\"2024-07-21T16:14:07+00:00\">Temmuz 21, 2024<\/time><\/a> <\/span>\n            <\/div><!-- .post-thumbnail -->\n                <div class=\"post-content\">\n            <div class=\"entry-header\">\n                <h3 class=\"entry-title\"><a href=\"https:\/\/www.isatis.com.tr\/tr\/2024\/07\/21\/house-for-sale-in-trnc\/\">House for Sale in TRNC<\/a><\/h3>\n            <\/div>\n            <div class=\"entry-meta\">\n                <div class=\"entry-meta-inner\">\n                    <div class=\"entry-meta-inner\"><span class=\"entry-category\" > i\u00e7inde <a href=\"https:\/\/www.isatis.com.tr\/tr\/category\/investment-opportunities\/\" rel=\"category tag\">Yat\u0131r\u0131m f\u0131rsatlar\u0131<\/a> <\/span><span class=\"author vcard\" > taraf\u0131ndan g\u00f6nderildi <a class=\"url fn n\" href=\"https:\/\/www.isatis.com.tr\/tr\/author\/isatis\/\">isatis<\/a> <\/span><\/div>                <\/div>\n            <\/div>\n\n        <\/div>\n    <\/div>\n<\/div><div class=\"column-item post-style-2\">\n    <div class=\"post-inner\">\n                    <div class=\"post-thumbnail\">\n                <a href=\"https:\/\/www.isatis.com.tr\/tr\/2024\/07\/21\/investment-in-north-cyprus\/\">\n                    <img loading=\"lazy\" decoding=\"async\" width=\"600\" height=\"390\" src=\"https:\/\/www.isatis.com.tr\/wp-content\/uploads\/2024\/03\/Investment-in-North-Cyprus-600x390.jpg\" class=\"attachment-maisonco-featured-image-large size-maisonco-featured-image-large wp-post-image\" alt=\"\" srcset=\"https:\/\/www.isatis.com.tr\/wp-content\/uploads\/2024\/03\/Investment-in-North-Cyprus-600x390.jpg 600w, https:\/\/www.isatis.com.tr\/wp-content\/uploads\/2024\/03\/Investment-in-North-Cyprus-18x12.jpg 18w\" sizes=\"(max-width: 600px) 100vw, 600px\" \/>                <\/a>\n                <span class=\"posted-on\"> <a href=\"https:\/\/www.isatis.com.tr\/tr\/2024\/07\/21\/investment-in-north-cyprus\/\" rel=\"bookmark\"><time class=\"entry-date published updated\" datetime=\"2024-07-21T16:13:53+00:00\">Temmuz 21, 2024<\/time><\/a> <\/span>\n            <\/div><!-- .post-thumbnail -->\n                <div class=\"post-content\">\n            <div class=\"entry-header\">\n                <h3 class=\"entry-title\"><a href=\"https:\/\/www.isatis.com.tr\/tr\/2024\/07\/21\/investment-in-north-cyprus\/\">Investment in North Cyprus<\/a><\/h3>\n            <\/div>\n            <div class=\"entry-meta\">\n                <div class=\"entry-meta-inner\">\n                    <div class=\"entry-meta-inner\"><span class=\"entry-category\" > i\u00e7inde <a href=\"https:\/\/www.isatis.com.tr\/tr\/category\/investment-opportunities\/\" rel=\"category tag\">Yat\u0131r\u0131m f\u0131rsatlar\u0131<\/a> <\/span><span class=\"author vcard\" > taraf\u0131ndan g\u00f6nderildi <a class=\"url fn n\" href=\"https:\/\/www.isatis.com.tr\/tr\/author\/isatis\/\">isatis<\/a> <\/span><\/div>                <\/div>\n            <\/div>\n\n        <\/div>\n    <\/div>\n<\/div><div class=\"column-item post-style-2\">\n    <div class=\"post-inner\">\n                    <div class=\"post-thumbnail\">\n                <a href=\"https:\/\/www.isatis.com.tr\/tr\/2024\/07\/21\/north-cyprus-house-prices\/\">\n                    <img loading=\"lazy\" decoding=\"async\" width=\"600\" height=\"390\" src=\"https:\/\/www.isatis.com.tr\/wp-content\/uploads\/2023\/02\/North-Cyprus-House-Prices-600x390.jpg\" class=\"attachment-maisonco-featured-image-large size-maisonco-featured-image-large wp-post-image\" alt=\"\" \/>                <\/a>\n                <span class=\"posted-on\"> <a href=\"https:\/\/www.isatis.com.tr\/tr\/2024\/07\/21\/north-cyprus-house-prices\/\" rel=\"bookmark\"><time class=\"entry-date published updated\" datetime=\"2024-07-21T16:12:07+00:00\">Temmuz 21, 2024<\/time><\/a> <\/span>\n            <\/div><!-- .post-thumbnail -->\n                <div class=\"post-content\">\n            <div class=\"entry-header\">\n                <h3 class=\"entry-title\"><a href=\"https:\/\/www.isatis.com.tr\/tr\/2024\/07\/21\/north-cyprus-house-prices\/\">North Cyprus House Prices<\/a><\/h3>\n            <\/div>\n            <div class=\"entry-meta\">\n                <div class=\"entry-meta-inner\">\n                    <div class=\"entry-meta-inner\"><span class=\"entry-category\" > i\u00e7inde <a href=\"https:\/\/www.isatis.com.tr\/tr\/category\/investment-opportunities\/\" rel=\"category tag\">Yat\u0131r\u0131m f\u0131rsatlar\u0131<\/a> <\/span><span class=\"author vcard\" > taraf\u0131ndan g\u00f6nderildi <a class=\"url fn n\" href=\"https:\/\/www.isatis.com.tr\/tr\/author\/isatis\/\">isatis<\/a> <\/span><\/div>                <\/div>\n            <\/div>\n\n        <\/div>\n    <\/div>\n<\/div><div class=\"column-item post-style-2\">\n    <div class=\"post-inner\">\n                    <div class=\"post-thumbnail\">\n                <a href=\"https:\/\/www.isatis.com.tr\/tr\/2024\/07\/21\/famagusta\/\">\n                    <img loading=\"lazy\" decoding=\"async\" width=\"600\" height=\"390\" src=\"https:\/\/www.isatis.com.tr\/wp-content\/uploads\/2024\/03\/Famagusta--600x390.jpg\" class=\"attachment-maisonco-featured-image-large size-maisonco-featured-image-large wp-post-image\" alt=\"\" srcset=\"https:\/\/www.isatis.com.tr\/wp-content\/uploads\/2024\/03\/Famagusta--600x390.jpg 600w, https:\/\/www.isatis.com.tr\/wp-content\/uploads\/2024\/03\/Famagusta--18x12.jpg 18w\" sizes=\"(max-width: 600px) 100vw, 600px\" \/>                <\/a>\n                <span class=\"posted-on\"> <a href=\"https:\/\/www.isatis.com.tr\/tr\/2024\/07\/21\/famagusta\/\" rel=\"bookmark\"><time class=\"entry-date published updated\" datetime=\"2024-07-21T16:15:48+00:00\">Temmuz 21, 2024<\/time><\/a> <\/span>\n            <\/div><!-- .post-thumbnail -->\n                <div class=\"post-content\">\n            <div class=\"entry-header\">\n                <h3 class=\"entry-title\"><a href=\"https:\/\/www.isatis.com.tr\/tr\/2024\/07\/21\/famagusta\/\">Famagusta<\/a><\/h3>\n            <\/div>\n            <div class=\"entry-meta\">\n                <div class=\"entry-meta-inner\">\n                    <div class=\"entry-meta-inner\"><span class=\"entry-category\" > i\u00e7inde <a href=\"https:\/\/www.isatis.com.tr\/tr\/category\/investment-opportunities\/\" rel=\"category tag\">Yat\u0131r\u0131m f\u0131rsatlar\u0131<\/a> <\/span><span class=\"author vcard\" > taraf\u0131ndan g\u00f6nderildi <a class=\"url fn n\" href=\"https:\/\/www.isatis.com.tr\/tr\/author\/isatis\/\">isatis<\/a> <\/span><\/div>                <\/div>\n            <\/div>\n\n        <\/div>\n    <\/div>\n<\/div><div class=\"column-item post-style-2\">\n    <div class=\"post-inner\">\n                    <div class=\"post-thumbnail\">\n                <a href=\"https:\/\/www.isatis.com.tr\/tr\/2024\/07\/21\/flat-for-sale-in-cyprus\/\">\n                    <img loading=\"lazy\" decoding=\"async\" width=\"600\" height=\"390\" src=\"https:\/\/www.isatis.com.tr\/wp-content\/uploads\/2024\/03\/Flat-for-Sale-in-Cyprus-600x390.jpg\" class=\"attachment-maisonco-featured-image-large size-maisonco-featured-image-large wp-post-image\" alt=\"\" srcset=\"https:\/\/www.isatis.com.tr\/wp-content\/uploads\/2024\/03\/Flat-for-Sale-in-Cyprus-600x390.jpg 600w, https:\/\/www.isatis.com.tr\/wp-content\/uploads\/2024\/03\/Flat-for-Sale-in-Cyprus-18x12.jpg 18w\" sizes=\"(max-width: 600px) 100vw, 600px\" \/>                <\/a>\n                <span class=\"posted-on\"> <a href=\"https:\/\/www.isatis.com.tr\/tr\/2024\/07\/21\/flat-for-sale-in-cyprus\/\" rel=\"bookmark\"><time class=\"entry-date published updated\" datetime=\"2024-07-21T16:15:27+00:00\">Temmuz 21, 2024<\/time><\/a> <\/span>\n            <\/div><!-- .post-thumbnail -->\n                <div class=\"post-content\">\n            <div class=\"entry-header\">\n                <h3 class=\"entry-title\"><a href=\"https:\/\/www.isatis.com.tr\/tr\/2024\/07\/21\/flat-for-sale-in-cyprus\/\">Flat for Sale in Cyprus<\/a><\/h3>\n            <\/div>\n            <div class=\"entry-meta\">\n                <div class=\"entry-meta-inner\">\n                    <div class=\"entry-meta-inner\"><span class=\"entry-category\" > i\u00e7inde <a href=\"https:\/\/www.isatis.com.tr\/tr\/category\/investment-opportunities\/\" rel=\"category tag\">Yat\u0131r\u0131m f\u0131rsatlar\u0131<\/a> <\/span><span class=\"author vcard\" > taraf\u0131ndan g\u00f6nderildi <a class=\"url fn n\" href=\"https:\/\/www.isatis.com.tr\/tr\/author\/isatis\/\">isatis<\/a> <\/span><\/div>                <\/div>\n            <\/div>\n\n        <\/div>\n    <\/div>\n<\/div><div class=\"column-item post-style-2\">\n    <div class=\"post-inner\">\n                    <div class=\"post-thumbnail\">\n                <a href=\"https:\/\/www.isatis.com.tr\/tr\/2024\/07\/21\/cyprus-real-estate-world\/\">\n                    <img loading=\"lazy\" decoding=\"async\" width=\"600\" height=\"390\" src=\"https:\/\/www.isatis.com.tr\/wp-content\/uploads\/2024\/03\/Cyprus-Real-Estate-world-600x390.jpg\" class=\"attachment-maisonco-featured-image-large size-maisonco-featured-image-large wp-post-image\" alt=\"\" srcset=\"https:\/\/www.isatis.com.tr\/wp-content\/uploads\/2024\/03\/Cyprus-Real-Estate-world-600x390.jpg 600w, https:\/\/www.isatis.com.tr\/wp-content\/uploads\/2024\/03\/Cyprus-Real-Estate-world-18x12.jpg 18w\" sizes=\"(max-width: 600px) 100vw, 600px\" \/>                <\/a>\n                <span class=\"posted-on\"> <a href=\"https:\/\/www.isatis.com.tr\/tr\/2024\/07\/21\/cyprus-real-estate-world\/\" rel=\"bookmark\"><time class=\"entry-date published updated\" datetime=\"2024-07-21T16:17:01+00:00\">Temmuz 21, 2024<\/time><\/a> <\/span>\n            <\/div><!-- .post-thumbnail -->\n                <div class=\"post-content\">\n            <div class=\"entry-header\">\n                <h3 class=\"entry-title\"><a href=\"https:\/\/www.isatis.com.tr\/tr\/2024\/07\/21\/cyprus-real-estate-world\/\">Cyprus Real Estate World<\/a><\/h3>\n            <\/div>\n            <div class=\"entry-meta\">\n                <div class=\"entry-meta-inner\">\n                    <div class=\"entry-meta-inner\"><span class=\"entry-category\" > i\u00e7inde <a href=\"https:\/\/www.isatis.com.tr\/tr\/category\/investment-opportunities\/\" rel=\"category tag\">Yat\u0131r\u0131m f\u0131rsatlar\u0131<\/a> <\/span><span class=\"author vcard\" > taraf\u0131ndan g\u00f6nderildi <a class=\"url fn n\" href=\"https:\/\/www.isatis.com.tr\/tr\/author\/isatis\/\">isatis<\/a> <\/span><\/div>                <\/div>\n            <\/div>\n\n        <\/div>\n    <\/div>\n<\/div><div class=\"column-item post-style-2\">\n    <div class=\"post-inner\">\n                    <div class=\"post-thumbnail\">\n                <a href=\"https:\/\/www.isatis.com.tr\/tr\/2024\/07\/21\/investment-opportunities-in-cyprus\/\">\n                    <img loading=\"lazy\" decoding=\"async\" width=\"600\" height=\"390\" src=\"https:\/\/www.isatis.com.tr\/wp-content\/uploads\/2024\/03\/Investment-opportunities-in-cyprus-600x390.jpg\" class=\"attachment-maisonco-featured-image-large size-maisonco-featured-image-large wp-post-image\" alt=\"\" srcset=\"https:\/\/www.isatis.com.tr\/wp-content\/uploads\/2024\/03\/Investment-opportunities-in-cyprus-600x390.jpg 600w, https:\/\/www.isatis.com.tr\/wp-content\/uploads\/2024\/03\/Investment-opportunities-in-cyprus-18x12.jpg 18w\" sizes=\"(max-width: 600px) 100vw, 600px\" \/>                <\/a>\n                <span class=\"posted-on\"> <a href=\"https:\/\/www.isatis.com.tr\/tr\/2024\/07\/21\/investment-opportunities-in-cyprus\/\" rel=\"bookmark\"><time class=\"entry-date published updated\" datetime=\"2024-07-21T16:13:37+00:00\">Temmuz 21, 2024<\/time><\/a> <\/span>\n            <\/div><!-- .post-thumbnail -->\n                <div class=\"post-content\">\n            <div class=\"entry-header\">\n                <h3 class=\"entry-title\"><a href=\"https:\/\/www.isatis.com.tr\/tr\/2024\/07\/21\/investment-opportunities-in-cyprus\/\">Investment opportunities in cyprus<\/a><\/h3>\n            <\/div>\n            <div class=\"entry-meta\">\n                <div class=\"entry-meta-inner\">\n                    <div class=\"entry-meta-inner\"><span class=\"entry-category\" > i\u00e7inde <a href=\"https:\/\/www.isatis.com.tr\/tr\/category\/investment-opportunities\/\" rel=\"category tag\">Yat\u0131r\u0131m f\u0131rsatlar\u0131<\/a> <\/span><span class=\"author vcard\" > taraf\u0131ndan g\u00f6nderildi <a class=\"url fn n\" href=\"https:\/\/www.isatis.com.tr\/tr\/author\/isatis\/\">isatis<\/a> <\/span><\/div>                <\/div>\n            <\/div>\n\n        <\/div>\n    <\/div>\n<\/div><div class=\"column-item post-style-2\">\n    <div class=\"post-inner\">\n                    <div class=\"post-thumbnail\">\n                <a href=\"https:\/\/www.isatis.com.tr\/tr\/2023\/03\/11\/northern-cyprus-real-estate-investment\/\">\n                    <img loading=\"lazy\" decoding=\"async\" width=\"600\" height=\"390\" src=\"https:\/\/www.isatis.com.tr\/wp-content\/uploads\/2023\/02\/Cyprus-Housing-600x390.jpg\" class=\"attachment-maisonco-featured-image-large size-maisonco-featured-image-large wp-post-image\" alt=\"\" \/>                <\/a>\n                <span class=\"posted-on\"> <a href=\"https:\/\/www.isatis.com.tr\/tr\/2023\/03\/11\/northern-cyprus-real-estate-investment\/\" rel=\"bookmark\"><time class=\"entry-date published\" datetime=\"2023-03-11T05:40:31+00:00\">11 Mart 2023<\/time><time class=\"updated\" datetime=\"2023-04-25T20:49:30+00:00\">25 Nisan 2023<\/time><\/a> <\/span>\n            <\/div><!-- .post-thumbnail -->\n                <div class=\"post-content\">\n            <div class=\"entry-header\">\n                <h3 class=\"entry-title\"><a href=\"https:\/\/www.isatis.com.tr\/tr\/2023\/03\/11\/northern-cyprus-real-estate-investment\/\">KUZEY KIBRIS GAYR\u0130MENKUL YATIRIM<\/a><\/h3>\n            <\/div>\n            <div class=\"entry-meta\">\n                <div class=\"entry-meta-inner\">\n                    <div class=\"entry-meta-inner\"><span class=\"entry-category\" > i\u00e7inde <a href=\"https:\/\/www.isatis.com.tr\/tr\/category\/investment-opportunities\/\" rel=\"category tag\">Yat\u0131r\u0131m f\u0131rsatlar\u0131<\/a> <\/span><span class=\"author vcard\" > taraf\u0131ndan g\u00f6nderildi <a class=\"url fn n\" href=\"https:\/\/www.isatis.com.tr\/tr\/author\/isatis\/\">isatis<\/a> <\/span><\/div>                <\/div>\n            <\/div>\n\n        <\/div>\n    <\/div>\n<\/div>            <\/div>\n                    <\/div>\n        \t\t\t\t<\/div>\n\t\t\t\t<\/div>\n\t\t\t\t\t<\/div>\n\t\t<\/div>\n\t\t\t\t\t<\/div>\n\t\t<\/section>\n\t\t\t\t<\/div>","protected":false},"excerpt":{"rendered":"<p>July 21, 2024 Investment opportunities in cyprus in Investment Opportunities Posted by admin July 21, 2024 Investment in North Cyprus in Investment Opportunities Posted by admin July 21, 2024 Cyprus Villa Projects in Investment Opportunities Posted by admin July 21, 2024 House for Sale in TRNC in Investment Opportunities Posted by admin July 21, 2024July &hellip; <\/p>\n<p class=\"link-more\"><a href=\"https:\/\/www.isatis.com.tr\/tr\/2023\/03\/11\/northern-cyprus-real-estate-investment\/\" class=\"more-link\">Devam\u0131n\u0131 oku <span class=\"screen-reader-text\"> \u201cKUZEY KIBRIS GAYR\u0130MENKUL YATIRIMI\u201d<\/span><\/a><\/p>","protected":false},"author":2,"featured_media":0,"parent":0,"menu_order":0,"comment_status":"closed","ping_status":"closed","template":"","meta":{"inline_featured_image":false,"_monsterinsights_skip_tracking":false,"_monsterinsights_sitenote_active":false,"_monsterinsights_sitenote_note":"","_monsterinsights_sitenote_category":0,"footnotes":""},"class_list":["post-7308","page","type-page","status-publish","hentry"],"_links":{"self":[{"href":"https:\/\/www.isatis.com.tr\/tr\/wp-json\/wp\/v2\/pages\/7308","targetHints":{"allow":["GET"]}}],"collection":[{"href":"https:\/\/www.isatis.com.tr\/tr\/wp-json\/wp\/v2\/pages"}],"about":[{"href":"https:\/\/www.isatis.com.tr\/tr\/wp-json\/wp\/v2\/types\/page"}],"author":[{"embeddable":true,"href":"https:\/\/www.isatis.com.tr\/tr\/wp-json\/wp\/v2\/users\/2"}],"replies":[{"embeddable":true,"href":"https:\/\/www.isatis.com.tr\/tr\/wp-json\/wp\/v2\/comments?post=7308"}],"version-history":[{"count":0,"href":"https:\/\/www.isatis.com.tr\/tr\/wp-json\/wp\/v2\/pages\/7308\/revisions"}],"wp:attachment":[{"href":"https:\/\/www.isatis.com.tr\/tr\/wp-json\/wp\/v2\/media?parent=7308"}],"curies":[{"name":"wp","href":"https:\/\/api.w.org\/{rel}","templated":true}]}}